{"id":5507,"date":"2024-01-06T11:16:44","date_gmt":"2024-01-06T10:16:44","guid":{"rendered":"https:\/\/www.durch-die-welt.de\/index.php\/friends\/"},"modified":"2024-01-06T15:36:24","modified_gmt":"2024-01-06T14:36:24","slug":"friends","status":"publish","type":"page","link":"https:\/\/www.durch-die-welt.de\/index.php\/friends\/","title":{"rendered":"Friends"},"content":{"rendered":"\r\n<p class=\"only-friends\">Hallo Freund!<br \/><br \/>Kennst du einen meiner Freunde? Vielleicht willst du ihnen auch eine Freundschaftsanfrage senden?<\/p>\r\n\r\n\r\n\r\n\r\n\r\n<p class=\"not-friends\">Ich habe mich mit meinen Freunden \u00fcber <strong>WordPress<\/strong> mit dem <strong>Freunde-Plugin<\/strong> vernetzt. Das bedeutet ich kann private Beitr\u00e4ge nur mit meinen Freunden teilen, w\u00e4hrend ich die Kontrolle \u00fcber meine Daten behalte. Wenn du auch eine WordPress Website mit dem Freunde-Plugin hast, kannst du mir eine Freundschaftsanfrage senden. Wenn nicht, mache es wie ich und hol dir <a href=\"https:\/\/wordpress.org\/\">WordPress<\/a> und installiere das <a href=\"https:\/\/wordpress.org\/plugins\/friends\/\">Freunde-Plugin<\/a>!<\/p>\r\n\r\n\r\n\r\n<div class=\"wp-block-friends-follow-me not-friends\"><form method=\"post\">\r\n<p>Gib deine Blog URL ein, um meinem Netzwerk beizutreten. <a href=\"https:\/\/wpfriends.at\/follow-me\">Weitere Informationen<\/a><\/p>\r\n\r\n<div><input name=\"friends_friend_request_url\" type=\"text\" placeholder=\"https:\/\/example.com\/\" \/> <button>Folge dieser Website<\/button><\/div>\r\n<\/form><\/div>\r\n\r\n<p>&nbsp;<\/p>","protected":false},"excerpt":{"rendered":"<p>Hallo Freund! Kennst du einen meiner Freunde? Vielleicht willst du ihnen auch eine Freundschaftsanfrage senden? Ich habe mich mit meinen Freunden \u00fcber WordPress mit dem Freunde-Plugin vernetzt. Das bedeutet ich kann private Beitr\u00e4ge nur mit meinen Freunden teilen, w\u00e4hrend ich die Kontrolle \u00fcber meine Daten behalte. Wenn du auch eine WordPress Website mit dem Freunde-Plugin <a href='https:\/\/www.durch-die-welt.de\/index.php\/friends\/' class='excerpt-more'>[&#8230;]<\/a><\/p>\n","protected":false},"author":9,"featured_media":0,"parent":0,"menu_order":0,"comment_status":"closed","ping_status":"closed","template":"","meta":{"footnotes":""},"class_list":["post-5507","page","type-page","status-publish","hentry","post-seq-1","post-parity-odd","meta-position-corners","fix"],"_links":{"self":[{"href":"https:\/\/www.durch-die-welt.de\/index.php\/wp-json\/wp\/v2\/pages\/5507","targetHints":{"allow":["GET"]}}],"collection":[{"href":"https:\/\/www.durch-die-welt.de\/index.php\/wp-json\/wp\/v2\/pages"}],"about":[{"href":"https:\/\/www.durch-die-welt.de\/index.php\/wp-json\/wp\/v2\/types\/page"}],"author":[{"embeddable":true,"href":"https:\/\/www.durch-die-welt.de\/index.php\/wp-json\/wp\/v2\/users\/9"}],"replies":[{"embeddable":true,"href":"https:\/\/www.durch-die-welt.de\/index.php\/wp-json\/wp\/v2\/comments?post=5507"}],"version-history":[{"count":1,"href":"https:\/\/www.durch-die-welt.de\/index.php\/wp-json\/wp\/v2\/pages\/5507\/revisions"}],"predecessor-version":[{"id":5509,"href":"https:\/\/www.durch-die-welt.de\/index.php\/wp-json\/wp\/v2\/pages\/5507\/revisions\/5509"}],"wp:attachment":[{"href":"https:\/\/www.durch-die-welt.de\/index.php\/wp-json\/wp\/v2\/media?parent=5507"}],"curies":[{"name":"wp","href":"https:\/\/api.w.org\/{rel}","templated":true}]}}