{"id":5111,"date":"2019-03-28T21:01:33","date_gmt":"2019-03-28T20:01:33","guid":{"rendered":"http:\/\/www.durch-die-welt.de\/?page_id=5111"},"modified":"2019-03-28T23:36:03","modified_gmt":"2019-03-28T22:36:03","slug":"tuerkei","status":"publish","type":"page","link":"https:\/\/www.durch-die-welt.de\/index.php\/reisetipps-landesinfos\/tuerkei\/","title":{"rendered":"T\u00fcrkei"},"content":{"rendered":"<p>Wild Zelten war f\u00fcr uns in der T\u00fcrkei \u00fcberall problemlos m\u00f6glich<br \/>\nWir waren aber auch au\u00dferhalb der Saison unterwegs und konnten sogar an Str\u00e4nden in der N\u00e4he von geschlossenen Campingpl\u00e4tzen stehen.<br \/>\nIn Kurdistan haben wir uns etwas besser versteckt.<br \/>\nIn Kurdistan hat uns die Polizei bei einem Kontrollposten auch schikaniert und wir mussten &#8222;zu unserer Sicherheit&#8220; unser gesamtes Gep\u00e4ck abpacken und begutachten lassen.<\/p>\n<p>Telefon und Internet<br \/>\nSimkarten sind recht teuer<br \/>\nWir haben f\u00fcr die Vodafone Sim inkl 6 GB Daten fast 15\u20ac \/ 95 TL gezahlt<br \/>\nDie Netzabdeckung war \u00fcberall gut. Achtet darauf dass das Datenpaket auch aktiviert wird!<br \/>\nTurkcell soll noch besser sein, ist aber noch teurer<\/p>\n<p>Unser VPN (ExpressVPN) hat im Vodafone Netz nicht funktioniert, wenn wir Wifi hatten dagegen schon.<br \/>\nIn der T\u00fcrkei sind einige Webseiten gesperrt, so kann man zb bei booking.com t\u00fcrkische Unterk\u00fcnfte nur \u00fcber VPN buchen. Wikipedia ist ebenfalls gesperrt. Selbst GMX haben wir Zeitweise bur \u00fcber VPN erreichen k\u00f6nnen<\/p>\n<p>HolaVPN (Windows) \/ TurboVPN (Android), beide gratis, haben daf\u00fcr aber ausgereicht.<\/p>\n<p>Geldautomaten versuchen zu &#8222;<a href=\"https:\/\/www.sueddeutsche.de\/geld\/geld-abheben-im-urlaub-geld-abheben-im-ausland-bloss-nicht-euro-waehlen-1.3604377\">bescheissen<\/a>&#8222;. Abhebebetrag NICHT in \u20acuro umrechen lassen!!<\/p>\n<p>Tabak ist g\u00fcnstig 8TL 100gr \/ Bier ist teuer 10TL 0,5L \/ Tanken ist nach dem Iran auch teuer 6,8TL\/l Hotels sind auch nicht g\u00fcnstig (Stand 03\/2019)<\/p>\n<p>&nbsp;<\/p>\n","protected":false},"excerpt":{"rendered":"<p>Wild Zelten war f\u00fcr uns in der T\u00fcrkei \u00fcberall problemlos m\u00f6glich Wir waren aber auch au\u00dferhalb der Saison unterwegs und konnten sogar an Str\u00e4nden in der N\u00e4he von geschlossenen Campingpl\u00e4tzen stehen. In Kurdistan haben wir uns etwas besser versteckt. In Kurdistan hat uns die Polizei bei einem Kontrollposten auch schikaniert und wir mussten &#8222;zu unserer <a href='https:\/\/www.durch-die-welt.de\/index.php\/reisetipps-landesinfos\/tuerkei\/' class='excerpt-more'>[&#8230;]<\/a><\/p>\n","protected":false},"author":2,"featured_media":0,"parent":1929,"menu_order":0,"comment_status":"closed","ping_status":"closed","template":"","meta":{"footnotes":""},"class_list":["post-5111","page","type-page","status-publish","hentry","post-seq-1","post-parity-odd","meta-position-corners","fix"],"_links":{"self":[{"href":"https:\/\/www.durch-die-welt.de\/index.php\/wp-json\/wp\/v2\/pages\/5111","targetHints":{"allow":["GET"]}}],"collection":[{"href":"https:\/\/www.durch-die-welt.de\/index.php\/wp-json\/wp\/v2\/pages"}],"about":[{"href":"https:\/\/www.durch-die-welt.de\/index.php\/wp-json\/wp\/v2\/types\/page"}],"author":[{"embeddable":true,"href":"https:\/\/www.durch-die-welt.de\/index.php\/wp-json\/wp\/v2\/users\/2"}],"replies":[{"embeddable":true,"href":"https:\/\/www.durch-die-welt.de\/index.php\/wp-json\/wp\/v2\/comments?post=5111"}],"version-history":[{"count":3,"href":"https:\/\/www.durch-die-welt.de\/index.php\/wp-json\/wp\/v2\/pages\/5111\/revisions"}],"predecessor-version":[{"id":5114,"href":"https:\/\/www.durch-die-welt.de\/index.php\/wp-json\/wp\/v2\/pages\/5111\/revisions\/5114"}],"up":[{"embeddable":true,"href":"https:\/\/www.durch-die-welt.de\/index.php\/wp-json\/wp\/v2\/pages\/1929"}],"wp:attachment":[{"href":"https:\/\/www.durch-die-welt.de\/index.php\/wp-json\/wp\/v2\/media?parent=5111"}],"curies":[{"name":"wp","href":"https:\/\/api.w.org\/{rel}","templated":true}]}}