{"id":4910,"date":"2019-02-05T16:36:53","date_gmt":"2019-02-05T15:36:53","guid":{"rendered":"http:\/\/www.durch-die-welt.de\/?page_id=4910"},"modified":"2019-02-05T16:47:58","modified_gmt":"2019-02-05T15:47:58","slug":"stationen","status":"publish","type":"page","link":"https:\/\/www.durch-die-welt.de\/index.php\/der-weg\/stationen\/","title":{"rendered":"Stationen"},"content":{"rendered":"<p>Auf dieser Karte sind grob unsere \u00dcbernachtungspl\u00e4tze eingezeichnet<br \/>\nl\u00e4sst sich auch vergr\u00f6\u00dfern und mit Plus \/ Minus auf der Tastatur zoomen<\/p>\n<p>[wpgmza id=&#8220;1&#8243;]<\/p>\n","protected":false},"excerpt":{"rendered":"<p>Auf dieser Karte sind grob unsere \u00dcbernachtungspl\u00e4tze eingezeichnet l\u00e4sst sich auch vergr\u00f6\u00dfern und mit Plus \/ Minus auf der Tastatur zoomen [wpgmza id=&#8220;1&#8243;]<\/p>\n","protected":false},"author":2,"featured_media":0,"parent":132,"menu_order":0,"comment_status":"closed","ping_status":"closed","template":"","meta":{"footnotes":""},"class_list":["post-4910","page","type-page","status-publish","hentry","post-seq-1","post-parity-odd","meta-position-corners","fix"],"_links":{"self":[{"href":"https:\/\/www.durch-die-welt.de\/index.php\/wp-json\/wp\/v2\/pages\/4910","targetHints":{"allow":["GET"]}}],"collection":[{"href":"https:\/\/www.durch-die-welt.de\/index.php\/wp-json\/wp\/v2\/pages"}],"about":[{"href":"https:\/\/www.durch-die-welt.de\/index.php\/wp-json\/wp\/v2\/types\/page"}],"author":[{"embeddable":true,"href":"https:\/\/www.durch-die-welt.de\/index.php\/wp-json\/wp\/v2\/users\/2"}],"replies":[{"embeddable":true,"href":"https:\/\/www.durch-die-welt.de\/index.php\/wp-json\/wp\/v2\/comments?post=4910"}],"version-history":[{"count":3,"href":"https:\/\/www.durch-die-welt.de\/index.php\/wp-json\/wp\/v2\/pages\/4910\/revisions"}],"predecessor-version":[{"id":4914,"href":"https:\/\/www.durch-die-welt.de\/index.php\/wp-json\/wp\/v2\/pages\/4910\/revisions\/4914"}],"up":[{"embeddable":true,"href":"https:\/\/www.durch-die-welt.de\/index.php\/wp-json\/wp\/v2\/pages\/132"}],"wp:attachment":[{"href":"https:\/\/www.durch-die-welt.de\/index.php\/wp-json\/wp\/v2\/media?parent=4910"}],"curies":[{"name":"wp","href":"https:\/\/api.w.org\/{rel}","templated":true}]}}