{"id":4861,"date":"2019-01-18T20:47:01","date_gmt":"2019-01-18T19:47:01","guid":{"rendered":"http:\/\/www.durch-die-welt.de\/?page_id=4861"},"modified":"2019-03-04T08:02:10","modified_gmt":"2019-03-04T07:02:10","slug":"iran","status":"publish","type":"page","link":"https:\/\/www.durch-die-welt.de\/index.php\/reisetipps-landesinfos\/iran\/","title":{"rendered":"Iran"},"content":{"rendered":"<h6>Visum<\/h6>\n<p>Das <strong>Visum<\/strong> f\u00fcr den Iran haben wir recht einfach bekommen.<br \/>\nVisa on arrival gibt es nur an den Flugh\u00e4fen, da wir \u00fcber Land aus Pakistan einreisen wollen m\u00fcssen wir im Vorfeld ein &#8222;echtes&#8220; Visum beantragen.<br \/>\n\u00dcber das<a href=\"http:\/\/e_visa.mfa.ir\/de\/\"> E-Visum System<\/a> kann man online eine Referenznummer beantragen und eine beliebige Botschaft oder ein Konsulat, wo man das Visum dann abholen m\u00f6chte angeben.<br \/>\nIn Pakistan kann das allerdings zu Problemen f\u00fchren, da die dortigen Iranischen Beh\u00f6rden manchmal einen &#8222;Schrieb&#8220; der Deutschen Botschaft fordern und die deutsche Botschaft diesen aber angeblich nicht ausstellt.<br \/>\nDaher haben wir uns entschieden unsere Iran Visa bereits in Indien zu beantragen.<\/p>\n<p>Ab <strong>Ausstellungsdatum<\/strong> kann man mit seinem Visum 3 Monate lang einreisen und dann ab <strong>Einreisedatum<\/strong> 30 Tage im Iran bleiben. Vor Ort kann man die Aufenthaltsdauer dann angeblich problemlos verl\u00e4ngern.<\/p>\n<p>Da derzeit (Ende 2018) h\u00e4ufig Visaantr\u00e4ge\/Referenznummern \u00fcber das e-visa System abgelehnt werden oder das System noch nicht zuverl\u00e4ssig funktioniert und man dann f\u00fcr einen Neuantrag im bl\u00f6desten Fall 30 Tage warten muss, bis man automatisch aus dem System geflogen ist, haben wir die Referenznummer \u00fcber die auf der <a href=\"https:\/\/caravanistan.com\/visa\/iran\/visa-authorisation-code-loi-invitation\/\">Caravanistan Seite<\/a> empfohlene <a href=\"https:\/\/en.key2persia.com\/iran-visa\">Reiseagentur<\/a> beantragt. Das hat, samt email-Kontakt ca eine Woche gedauert.<\/p>\n<p>Die <strong>Referenznummer<\/strong> ist dann 30 Tage g\u00fcltig.<\/p>\n<p>Im Konsulat in Mumbai haben wir dann Montag morgens<br \/>\n&#8211; unsere P\u00e4sse,<br \/>\n&#8211; die ausgedruckte Referenznummer,<br \/>\n&#8211; eine Passkopie und<br \/>\n-ein Passfoto abgegeben (Ohne Brille! Ohne jegliche Kopfbedeckung!)<br \/>\n-und ca 75\u20ac in der nahegelegenen Bank einbezahlt.<\/p>\n<p>Bereits am Dienstag Nachmittag konnten wir unsere Visa abholen, die \u00fcbrigens (Jan 2019) nicht mehr in den Pass eingeklebt sind, sondern ein einfacher Ausdruck eines e-Visa sind.<\/p>\n<p>Weder f\u00fcr den Visums-Antrag noch f\u00fcr dass Konsulat haben wir eine Flugbuchung, eine Hotelbuchung oder einen Krankenversicherungs-Nachweis ben\u00f6tigt und wir haben uns vorsichtshalber davor geh\u00fctet irgendwo zu erw\u00e4hnen, dass wir auf dem Landweg mit eigenen Fahrzeugen einreisen wollen.<\/p>\n<h6>Einreise<\/h6>\n<p>Die Einreise auf dem Landweg von Pakistan in Taftan hat sich etwas hingezogen. &#8222;Gef\u00fchlt&#8220; 10 verschiedene Stellen haben sich mit unseren P\u00e4ssen, dem Visum und dem Carnet besch\u00e4ftigt.\u00a0 Einmal mussten wir unsere geplante Route angeben. Die wenigsten Grenzer konnten Englisch. Irgendwann hat uns Hamid entdeckt und uns im weiteren Verlauf unterst\u00fctzt und als \u00dcbersetzer fungiert.<\/p>\n<p><strong><em>Hamid<\/em> <\/strong>arbeitet f\u00fcr das lokale Tourismus-Ministerium von Sistan &amp; Baluchestan und unterst\u00fctzt Reisende an der Grenze. Uns hat er auch bis nach Zahedan begleitet, an den Checkpoints daf\u00fcr gesorgt, dass wir ohne Eskorte fahren konnten und ein Hotelzimmer zu einem &#8222;normalen&#8220; Preis organisiert. Mit seiner Hilfe haben wir au\u00dferdem schnell einen Geldwechsler gefunden und er hat uns auch bei der Beschaffung einer iranischen SIM Karte geholfen. Au\u00dferdem hat er uns zu einer Tankstelle gebracht, bei der Touristen GRATIS!! die Tanks auff\u00fcllen k\u00f6nnen.<br \/>\nWir hatten bereits vor der Einreise Kontakt zu Hamid. Schreibt ihn am besten schon in Quetta an, danach habt ihr kein Internet mehr.<br \/>\n+98 939 371 8973 (Whatsapp \/ Telegram)<br \/>\nabdulhamid864@yahoo.com<\/p>\n<p>F\u00fcr die Einreise mit dem eigenen Fahrzeug braucht man f\u00fcr den Iran ein <strong><em>Carnet de Passages<\/em><\/strong> und eine <em>KFZ <strong>Haftpflichtversicherung<\/strong>.<\/em> Da auf unseren Gr\u00fcnen Versicherungskarte der Iran nicht gestrichen ist m\u00fcssen wir uns da um nichts weiter k\u00fcmmern. Die Haftpflichtversicherung wurde bei uns nicht \u00fcberpr\u00fcft, bei dem vor uns fahrenden Fahrzeug hat ein deutsch geschriebenes amtlich aussehendes Dokument (F\u00fchrungszeugnis)dank Hamid ausgereicht .<br \/>\nNach einer Krankenversicherung wurden wir nicht gefragt, ist angeblich aber auch vorgeschrieben.<\/p>\n<p>Immer wieder aufkommenden Meldungen, dass im Iran die Einreise mit <em><strong>Motorr\u00e4dern<\/strong> die gr\u00f6\u00dfer als 250ccm<\/em> sind nicht m\u00f6glich w\u00e4re sind reine Ger\u00fcchte und Falschmeldungen. Das betreffende Gesetz betrifft den dauerhaften Import, nicht die <em>Tempor\u00e4re Einfuhr<\/em>. Uns ist kein einziger Motorradfahrer bekannt, der an der Grenze abgewiesen worden w\u00e4re.<\/p>\n<h6>Geldwechseln<\/h6>\n<p>Im Iran funktionieren keine ausl\u00e4ndischen Geld oder Kreditkarten. Nur Bares ist Wahres.<br \/>\nDer offizielle Bankenwechselkurs ist deutlich schlechter als der Stra\u00dfenkurs in Wechselstuben.<br \/>\nDen inoffiziellen Tages-Kurs gibt es auf <a href=\"https:\/\/www.bonbast.com\/\">bonbast.com<\/a><br \/>\nOffizielle W\u00e4hrung ist der Rial, ausgezeichnet ist der Preis aber meist in Toman in denen es sich etwas besser rechnet, da eine 0 &#8222;fehlt&#8220;. (10.000 Rial sind 1000 Toman)<br \/>\nDa die \u00fcblichen W\u00e4hrungsrechner-Apps nur den offiziellen Bankenkurs anzeigen haben wir uns eine frei konfigurierbaren <a href=\"https:\/\/play.google.com\/store\/apps\/details?id=conversor.conversaotaxasbasico.eurirr&amp;rdid=conversor.conversaotaxasbasico.eurirr\">Umrechner<\/a> gesucht.<br \/>\nDie Geldwechsler direkt an der Grenze in Taftan (pakistanische Seite) bieten einen ziemlich schlechten Kurs und wir haben nur etwas restliches&#8220;Kleingeld&#8220; getauscht. In Zahedan konnten wir problemlos auch pakistanische Rupies in Rial wechseln.<br \/>\nEs empfiehlt sich nicht zu viel Geld auf einmal zu tauschen, da die Inflation sehr hoch ist und man jeden Tag mehr f\u00fcr sein Geld bekommt. Sowohl Euro als auch Dollar k\u00f6nnen problemlos gewechselt werden.<\/p>\n<h6>Tanken<\/h6>\n<p>Um im Iran zu tanken ben\u00f6tigt man eine Tankkarte. Diese ist aber nicht unbedingt notwendig. Man muss nur warten bis ein freundlicher Iraner vorbeikommt und man seine Karte benutzen darf. Der Benzinpreis liegt aktuell bei 1000 Toman f\u00fcr einen Liter, was bei unserem Wechselkurs (Feb 2019) 7 ct entspricht.<\/p>\n<p>In Zahedan gibt es eine Tankstelle, bei der Touristen nichts bezahlen m\u00fcssen. (siehe I-Overlander)<\/p>\n<p>Aus Pakistan kommend sollte man noch Sprit f\u00fcr mindestens 100 km haben, da es erst in Zahedan eine Tankstelle gibt!<\/p>\n<h6>Internet<\/h6>\n<p>Da das Internet im Iran staatlich zensiert wird, braucht man f\u00fcr die Nutzung von zB Facebook, Instagram, Youtube und GMX einen VPN.<br \/>\nDiesen sollte man bereist vor der Einreise installieren und sp\u00e4testens in Quetta dann aktivieren oder ein Abo daf\u00fcr abschliessen, da man danach keinen ausreichenden Internetempfang mehr hat.<br \/>\nThunder VPN hat bei mir in der Gratisversion testweise funktioniert<\/p>\n<p>Expressvpn funktioniert bisher auch sehr gut (auf 3 Ger\u00e4ten) und kostet 12$ pro Monat. Nach dem Abo-Abschlu\u00df sollte man darauf achten, dass man die Option &#8222;Automatisch Folgemonat abonnieren&#8220; wieder deaktiviert, daf\u00fcr muss man ein paarmal auf &#8222;Ja ich will wirklich&#8220; dr\u00fccken. Nach meinem Abo habe ich au\u00dferdem eine mail bekommen, in der ich aufgefordert wurde zur Aktivierung einen Screenshot meiner Paypal-Zahlung zu schicken. Habe per Chat beim Kundenservice nachgefragt, h\u00e4tte ja auch ein Betrugsversuch sein k\u00f6nnen.<br \/>\nWenn Ihr \u00fcber diesen <a href=\"https:\/\/www.expressrefer.com\/refer-friend?referrer_id=26803792&amp;utm_campaign=referrals&amp;utm_medium=copy_link&amp;utm_source=referral_dashboard\">Link<\/a> Express VPN abonniert erhaltet Ihr und Wir je 30 Tage gratis (vmtl zus\u00e4tzlich zu einem zu zahlenden Monat)<\/p>\n<h6>Handy-Sim<\/h6>\n<p>Handy Sim Karten f\u00fcr Touristen sind im Iran auf 30 Tage begrenzt.<br \/>\nAu\u00dferdem wird die IMEI von jedem Smartphone beim ersten einlegen einer Simkarte registriert und das betreffende Handy nach 30 Tagen gesperrt. Da hilft es auch nichts, sich nach 30 Tagen eine andere Sim Karte zuzulegen. Um diese Sperre zu deaktivieren m\u00fcsste man das Telefon im Iran verzollen.<br \/>\nWer also l\u00e4nger im Land ist muss entweder ein zweites Ger\u00e4t dabei haben oder sich einen hiesigen Hotspot zulegen.<\/p>\n<h6>Unterk\u00fcnfte<\/h6>\n<p>Da booking.com hier nicht funktioniert brauchen wir im Iran Alternativen.<br \/>\nDie Hotels die wir bisher gefunden haben waren nicht besonders preisg\u00fcnstig (um die 20\u20ac) und h\u00e4ufig auch nicht besonders gut<br \/>\nVon Couchsurfing wurde uns im Iran abgeraten, da das Konzept hier wohl \u00f6fter mal falsch verstanden wird und eine Bezahlung erwartet wird.<br \/>\nUns wurde <a href=\"https:\/\/www.homestay.com\/de\/i\/891179?u=axel\">Homestay.com<\/a> empfohlen. In den gr\u00f6\u00dferen &#8222;Touristenst\u00e4dten&#8220; gibt es dort einige Unterk\u00fcnfte. Meist kommt man bei Privat-Leuten oder Familien unter, die ein Zimmer oder eine Einliegerwohnung vermieten, manchmal werden aber auch Hostels eingestellt. Man kommt, genauso wie bei Couchsurfing, mit den Einheimischen in Kontakt, bezahlt aber daf\u00fcr. Daf\u00fcr ist man dann auch etwas &#8222;freier&#8220; und seinen Gastgebern nicht so &#8222;ausgeliefert&#8220; wie beim Couchsurfen<\/p>\n<h6>Taxi<\/h6>\n<p>Die Iranische Uber Version hei\u00dft <a href=\"https:\/\/play.google.com\/store\/apps\/details?id=cab.snapp.passenger.play\">Snapp<\/a> ist in den gr\u00f6\u00dferen St\u00e4dten verf\u00fcgbar und die Fahrten kosten kostet fast nichts.<\/p>\n<p>&nbsp;<\/p>\n<p>&nbsp;<\/p>\n","protected":false},"excerpt":{"rendered":"<p>Visum Das Visum f\u00fcr den Iran haben wir recht einfach bekommen. Visa on arrival gibt es nur an den Flugh\u00e4fen, da wir \u00fcber Land aus Pakistan einreisen wollen m\u00fcssen wir im Vorfeld ein &#8222;echtes&#8220; Visum beantragen. \u00dcber das E-Visum System kann man online eine Referenznummer beantragen und eine beliebige Botschaft oder ein Konsulat, wo man <a href='https:\/\/www.durch-die-welt.de\/index.php\/reisetipps-landesinfos\/iran\/' class='excerpt-more'>[&#8230;]<\/a><\/p>\n","protected":false},"author":2,"featured_media":0,"parent":1929,"menu_order":0,"comment_status":"closed","ping_status":"closed","template":"","meta":{"footnotes":""},"class_list":["post-4861","page","type-page","status-publish","hentry","post-seq-1","post-parity-odd","meta-position-corners","fix"],"_links":{"self":[{"href":"https:\/\/www.durch-die-welt.de\/index.php\/wp-json\/wp\/v2\/pages\/4861","targetHints":{"allow":["GET"]}}],"collection":[{"href":"https:\/\/www.durch-die-welt.de\/index.php\/wp-json\/wp\/v2\/pages"}],"about":[{"href":"https:\/\/www.durch-die-welt.de\/index.php\/wp-json\/wp\/v2\/types\/page"}],"author":[{"embeddable":true,"href":"https:\/\/www.durch-die-welt.de\/index.php\/wp-json\/wp\/v2\/users\/2"}],"replies":[{"embeddable":true,"href":"https:\/\/www.durch-die-welt.de\/index.php\/wp-json\/wp\/v2\/comments?post=4861"}],"version-history":[{"count":12,"href":"https:\/\/www.durch-die-welt.de\/index.php\/wp-json\/wp\/v2\/pages\/4861\/revisions"}],"predecessor-version":[{"id":5006,"href":"https:\/\/www.durch-die-welt.de\/index.php\/wp-json\/wp\/v2\/pages\/4861\/revisions\/5006"}],"up":[{"embeddable":true,"href":"https:\/\/www.durch-die-welt.de\/index.php\/wp-json\/wp\/v2\/pages\/1929"}],"wp:attachment":[{"href":"https:\/\/www.durch-die-welt.de\/index.php\/wp-json\/wp\/v2\/media?parent=4861"}],"curies":[{"name":"wp","href":"https:\/\/api.w.org\/{rel}","templated":true}]}}