{"id":4274,"date":"2018-09-22T18:58:02","date_gmt":"2018-09-22T16:58:02","guid":{"rendered":"http:\/\/www.durch-die-welt.de\/?page_id=4274"},"modified":"2019-02-12T07:19:41","modified_gmt":"2019-02-12T06:19:41","slug":"indien","status":"publish","type":"page","link":"https:\/\/www.durch-die-welt.de\/index.php\/reisetipps-landesinfos\/indien\/","title":{"rendered":"Indien"},"content":{"rendered":"<h6>Grenz\u00fcbertritt<\/h6>\n<p>Der einzige Grenz\u00fcbergang zwischen Pakistan und Indien ist die Wagah Boarder zwischen Lahore und Amritsar.<br \/>\nDie Pakistanische Ausreise war unkompliziert, freundlich und schnell. Allerdings hat der Z\u00f6llner darauf bestanden, dass wir kein Bargeld ausf\u00fchren d\u00fcrfen und hat unsere Pakistanischen in Indische Rupies gewechselt. (ein nettes Nebengesch\u00e4ft, aber so muss man sich keine Wechselstube suchen &#8211; haben auch keine gesehen)<\/p>\n<p>In Indien mussten wir erst direkt unter dem Torbogen unsere Daten von Carnet und Pass in mehrere B\u00fccher eintragen bevor wir dann, nach noch zwei oder drei Kontrollposten auf 200m bei der Immigration bzw beim Zoll waren. Dort nochmal drei oder 4 Formulare ausgef\u00fcllt bevor wir dann vom Zoll penibel kontrolliert wurden. Fahrgestellnummer, Motornummer und Kisten und Packs\u00e4cke.<br \/>\nDrohnen und Satellitentelefone sind verboten, hatten wir aber nicht. Mit Taschenmesser, Leatherman und Feuerzeugen darf man die Grenzstation erst gar nicht betreten, also besser gleich am Fahrzeug lassen. Schaffelle als Sitzbezug sind ebenfalls nicht gestattet, ich durfte es aber behalten und musste meines in einen Seitenkoffer packen. Ganz zum Schluss mussten wir noch unsere Landkarte herzeigen. Da dort ein gestrichelter Grenzverlauf um Kashmir eingezeichnet war sollten wir diese abgeben, konnten aber verhandeln und den strittigen<br \/>\nDie Grenze ist angeblich t\u00e4glich ge\u00f6ffnet, allerdings mit unterschiedliche Winter- und Sommer\u00f6ffnungszeiten und schlie\u00dft bereits am Nachmittag<\/p>\n<h6>Visum<\/h6>\n<p>Das Visum f\u00fcr Indien haben wir uns bereits vor Reiseantritt in Deutschland besorgt. Das ist relativ unproblematisch, da es ein Jahr lang g\u00fcltig ist. Ich bin daf\u00fcr extra nach M\u00fcnchen gefahren, da wir knapp dran waren und man das Visum bei pers\u00f6nlicher Beantragung und Barzahlung bereits nach wenigen Tagen zugeschickt bekommt. Suse hatte die Geb\u00fchr bereits \u00fcberwiesen, Ihr Visum hat fast Wochen gedauert!<br \/>\nAchtung! unser Visum ist zwar ein Jahr lang g\u00fcltig, und wir haben multy entry, aber wir d\u00fcrfen max 90 Tage am St\u00fcck in Indien bleiben, f\u00fcr uns kein Problem, weil wir zwischendurch ja einen Abstecher nach Nepal machen. (Kleingedrucktes auf dem Visum)<\/p>\n<h6>Fahrzeugeinfuhr<\/h6>\n<p>F\u00fcr Indien braucht man ein Carnet de Passages, wenn man mit dem eigenen Fahrzeug einreisen will. Die Z\u00f6llner wissen nicht immer Bescheid wie das korrekt auszuf\u00fcllen ist!<br \/>\nEin Indischer Z\u00f6llner hat uns darauf hingewiesen, dass das Fahrzeug aber max 6 Monate im Land bleiben d\u00fcrfe (nicht pro Aufenthalt sondern insgesamt?!)<\/p>\n<h6>Verkehr<\/h6>\n<p>Mit dem verkehr haben wir in Lahore Gl\u00fcck. Da gerade Feiertag ist ist auf den Stra\u00dfen kaum etwas los. auch in Amritsar kommen wir gut durch. Aktiv Anstellen ist am Get\u00fcmmel der Kreuzungen angesagt. Wann Rote Ampeln beachtet werden und wann nicht ist mir noch nicht ganz klar. wird in Pakistan haupts\u00e4chlich als \u00dcberholank\u00fcndigung gehupt sind die Hupen bei Indischen Fahrern ohne Ausschalter direkt an die Z\u00fcndung gekoppelt und unsagbar laut. Im Gegensatz zu Pakistan machen aber entgegenkommende Autos durchaus mal ein wenig Platz f\u00fcr Motorradfahrer<\/p>\n<h6>Mobilfunk \/ Handysim<\/h6>\n<p>Die angeblich gr\u00f6\u00dfte und beste Mobilfunkgesellschaft in Indien ist Airtel<br \/>\nAls Ausl\u00e4nder konnten wir allerdings nur eine f\u00fcr max 84 Tage g\u00fcltige Sim-Karte bekommen. Diese hat 1500 Rupie gekostet, hat 100SMS Flatrate in alle Netze und 1,4GB Datenvolumen pro <strong>Tag<\/strong>!<br \/>\nDie Sim war schon voraktiviert und er Verk\u00e4ufer\u00a0 hat meinen Pass auch nur kurz angeschaut. Er hat dann noch irgendwas gemeint, dass er die Sim f\u00fcr 500Rupes extra nach Ablauf der 84 Tage nochmal 2 Monate verl\u00e4ngern k\u00f6nne, ich m\u00fcsse ihm dann nur eine Whatsapp schicken (oder pers\u00f6nlich im Laden in Amritsar vorbeikommen, in anderen Bundesstaaten w\u00fcrde das evtl nicht funktionieren)<br \/>\nAngeblich w\u00fcrde Airtel auch Ladakh abdecken (&#8222;ganz Indien&#8220;) Bei <a href=\"https:\/\/devilonwheels.com\/mobile-phone-connectivity-in-leh-ladakh\/\">Devilonwheels<\/a> liest man allerdings, dass in <strong>Ladakh<\/strong>, und <strong>Kashmir<\/strong> keine Prepaidkarten sondern nur Postpaidkarten funktionieren und ggf dortige Karten von BSNL funktionieren k\u00f6nnten (evtl nur Mobilfunk, kein oder nur sehr schlechtes Internet. Jio ist als neuer Provider, zumindest bis Srinagar weit verbreitet und hat ein gutes Netz, Airtel funktioniert bislang auch recht gut.<br \/>\nAn den s\u00fcdlichen Str\u00e4nden in Goa hatten wir (2018) Mit Airtel kein Netz. andere Reisende haben dort Vodafone nutzen k\u00f6nnen, hatten aber ansonsten nur m\u00e4\u00dfigen LTE Empfang in anderen Teilen Indiens<\/p>\n<p>Den Airtel-Shop in Amritsar haben wir auf <a href=\"http:\/\/ioverlander.com\/\">iOverlander <\/a>hinzugef\u00fcgt.<\/p>\n<h6><strong>Geldautomaten<\/strong><\/h6>\n<p>In Amritsar haben wir bereits am 3 Geldautomaten Erfolg und konnten auf dreimal fast 150\u20ac abheben.<br \/>\nAn anderen Geldautomaten haben wir problemlos Geld bekommen, meistens allerdings nur 10.000Rps<\/p>\n<h5>Streckeninfos Ladakh<\/h5>\n<p>Uns macht ein sp\u00e4ter Monsoon (Strassen weggesp\u00fclt) und ein fr\u00fcher Wintereinbruch (P\u00e4sse zugeschneit) gerade etwas zu schaffen.<br \/>\nhalbwegs aktuelle Streckeninfos gibt es auch bei <a href=\"https:\/\/devilonwheels.com\/forums\/topic\/manali-leh-highway-status-2018-2019\/\">DevilsonWheels<\/a><br \/>\ngenerelle Strecken Infos f\u00fcr Ladakh gibt es in diesem <a href=\"https:\/\/www.team-bhp.com\/forum\/route-travel-queries\/135729-leh-ladakh-zanskar-ultimate-guide.html\">Forum<\/a>.<br \/>\nBesonders zu hilfreich ist auch diese <a href=\"https:\/\/www.team-bhp.com\/forum\/attachments\/route-travel-queries\/1089146d1369730575t-leh-ladakh-zanskar-ultimate-guide-leh_map.jpg\" data-lbwps-width=\"800\" data-lbwps-height=\"569\" data-lbwps-srcsmall=\"https:\/\/www.team-bhp.com\/forum\/attachments\/route-travel-queries\/1089146d1369730575t-leh-ladakh-zanskar-ultimate-guide-leh_map.jpg\">Karte<\/a>, wo nicht nur die Entfernung und Tankstellen, sondern auch die zu fahrende Zeit angegeben ist<\/p>\n<p>&nbsp;<\/p>\n<h6>Zugfahren in Indien<\/h6>\n<p>Man kann in Indien sein Motorrad als Fracht im Zug aufgeben. Zugtickets sind allerdings gerne auch schon Wochen im Voraus ausgebucht. Daf\u00fcr gibt es dann Wartelisten, wie die funktionieren haben wir nicht herausgefunden. F\u00fcr Ausl\u00e4nder gibt es allerdings an den gr\u00f6\u00dferen Stationen <em>Foreign Tourist Tickets<\/em>, die an den jeweiligen Bahnh\u00f6fen an speziellen Schaltern erworben werden k\u00f6nnen. Bei allen Verbindungen die wir gefunden haben waren immer zwei 3. Klasse AC Tickets verf\u00fcgbar. Diese Tickets kosten allerdings 50% Aufpreis (<a href=\"https:\/\/www.irctchelp.in\/2016\/01\/indian-train-tickets-for-foreigners-rule.html\">seit April 2018<\/a>)<br \/>\nMan kann Zugtickets auch \u00fcber die IRTC App oder Webseite kaufen, allerdings ist die Registrierung f\u00fcr Ausl\u00e4nder nicht ganz einfach und man muss daf\u00fcr erst seine Passkopie an die Bahn mailen.<\/p>\n<p>Zugverbindungen recherchieren geht ganz gut \u00fcber die <a href=\"http:\/\/trainspy.com\">Trainspy<\/a> und <a href=\"https:\/\/www.goibibo.com\/trains\/\">goibibo<\/a> Seite, da wird dann auch angezeigt wie lang die Warteliste schon ist GNWL??\/WL??. Auf der Indischen Bahn <a href=\"http:\/\/www.indianrail.gov.in\/enquiry\/SEAT\/SeatAvailability.jsp\">Seite<\/a> kann man auch raussuchen ob es Foreign Quota Tickets auf der gew\u00fcnschten Strecke gibt.<\/p>\n<h6>Ersatzteile<\/h6>\n<p>Motorradreifen und Ersatzteile sind in Indien f\u00fcr gro\u00dfe Motorr\u00e4der nur schwer, bzw gar nicht zu bekommen.<br \/>\nKettensatz und Ritzel waren mit 525er Teilung zB gar nicht erh\u00e4ltlich und das, obwohl Suzuki ein Modell mit dieser Kette im Angebot hat.<br \/>\nReifen sind auch nicht so einfach zu finden. Wenn dann recht teuer und evtl mit ein wenig Lieferzeit<\/p>\n<p><em>Bonnie&amp;Klyde<\/em> haben bei Mr.Sachin von Overseas Reifen bestellt, der sie auch innerhalb Indiens verschickt<br \/>\n+91 99999 92202<br \/>\nEr kann Motorradreifen von\u00a0 Metzeler, Michelin, Pirelli und Heidenau beschaffen. Einfach anfragen was verf\u00fcgbar ist.<\/p>\n<p>&nbsp;<\/p>\n","protected":false},"excerpt":{"rendered":"<p>Grenz\u00fcbertritt Der einzige Grenz\u00fcbergang zwischen Pakistan und Indien ist die Wagah Boarder zwischen Lahore und Amritsar. Die Pakistanische Ausreise war unkompliziert, freundlich und schnell. Allerdings hat der Z\u00f6llner darauf bestanden, dass wir kein Bargeld ausf\u00fchren d\u00fcrfen und hat unsere Pakistanischen in Indische Rupies gewechselt. (ein nettes Nebengesch\u00e4ft, aber so muss man sich keine Wechselstube suchen <a href='https:\/\/www.durch-die-welt.de\/index.php\/reisetipps-landesinfos\/indien\/' class='excerpt-more'>[&#8230;]<\/a><\/p>\n","protected":false},"author":2,"featured_media":0,"parent":1929,"menu_order":0,"comment_status":"closed","ping_status":"closed","template":"","meta":{"footnotes":""},"class_list":["post-4274","page","type-page","status-publish","hentry","post-seq-1","post-parity-odd","meta-position-corners","fix"],"_links":{"self":[{"href":"https:\/\/www.durch-die-welt.de\/index.php\/wp-json\/wp\/v2\/pages\/4274","targetHints":{"allow":["GET"]}}],"collection":[{"href":"https:\/\/www.durch-die-welt.de\/index.php\/wp-json\/wp\/v2\/pages"}],"about":[{"href":"https:\/\/www.durch-die-welt.de\/index.php\/wp-json\/wp\/v2\/types\/page"}],"author":[{"embeddable":true,"href":"https:\/\/www.durch-die-welt.de\/index.php\/wp-json\/wp\/v2\/users\/2"}],"replies":[{"embeddable":true,"href":"https:\/\/www.durch-die-welt.de\/index.php\/wp-json\/wp\/v2\/comments?post=4274"}],"version-history":[{"count":11,"href":"https:\/\/www.durch-die-welt.de\/index.php\/wp-json\/wp\/v2\/pages\/4274\/revisions"}],"predecessor-version":[{"id":4923,"href":"https:\/\/www.durch-die-welt.de\/index.php\/wp-json\/wp\/v2\/pages\/4274\/revisions\/4923"}],"up":[{"embeddable":true,"href":"https:\/\/www.durch-die-welt.de\/index.php\/wp-json\/wp\/v2\/pages\/1929"}],"wp:attachment":[{"href":"https:\/\/www.durch-die-welt.de\/index.php\/wp-json\/wp\/v2\/media?parent=4274"}],"curies":[{"name":"wp","href":"https:\/\/api.w.org\/{rel}","templated":true}]}}