{"id":4246,"date":"2018-09-15T16:16:14","date_gmt":"2018-09-15T14:16:14","guid":{"rendered":"http:\/\/www.durch-die-welt.de\/?page_id=4246"},"modified":"2019-02-11T17:03:33","modified_gmt":"2019-02-11T16:03:33","slug":"pakistan","status":"publish","type":"page","link":"https:\/\/www.durch-die-welt.de\/index.php\/reisetipps-landesinfos\/pakistan\/","title":{"rendered":"Pakistan"},"content":{"rendered":"<h6>Visa<\/h6>\n<p>Das Pakistan Visa war im Vorfeld der Reisevorbereitung gleich nach dem China-Transit unsere gr\u00f6\u00dfte Sorge. Pakistan Visa k\u00f6nnen nur in Deutschland beantragt werden. Eine Visa-Agentur konnten wir nicht einschalten, da f\u00fcr Pakistan Reisende Visa nur pers\u00f6nlich beantragt werden k\u00f6nnen.<br \/>\nDa wir in S\u00fcddeutschland wohnen ist das Frankfurter Konsulat f\u00fcr uns zust\u00e4ndig. Da das Visa ab Ausstellung nur 3 Monate g\u00fcltig ist hatten wir den Tipp bekommen, ein Anschreiben beizulegen, mit der Bitte, die G\u00fcltigkeit in die Zukunft zu verlegen. Das haben 4 Mitreisende von uns in Frankfurt auch problemlos so bekommen. Wir hatten aber zus\u00e4tzlich das Problem, dass ein Double Entry Visa mit einer recht langen G\u00fcltigkeit brauchten, da wir erst aus China durch den Norden nach Indien und nach dem Winter ein zweites mal durch den S\u00fcden in den Iran reisen wollen.<br \/>\nDies \u00fcberschreitet angeblich die Kompetenzen des Frankfurter Konsulats, also habe ich mehrere Wochen immer wieder in Berlin angerufen, bis ich mal jemanden an der Leitung hatte. Dann noch einige Male, bis ich den zust\u00e4ndigen Chef erreicht hatte der meinte &#8222;have to ask my authoritys&#8220; und dann wieder eine Woche lang, bis ich erfahren habe, was seine Authoritys entschieden hatten. Eine Einladung (LOI)braucht man \u00fcbrigens nur wenn man einen Aufenthalt l\u00e4nger als 30 Tage beantragt! Wir haben \u00fcber einen facebook Kontakt trotzdem eine besorgt, da wir ja Sonderw\u00fcnsche hatten, und das laut Sachbearbeiterin &#8222;nicht schaden w\u00fcrde&#8220;. So sind wir dann an ein Double Entry Pakistan Visa gekommen \ud83d\ude42<\/p>\n<h6>Einreise<\/h6>\n<p>Die pakistanische Seite bei der Einreise \u00fcber den Khunjerab Pass ist unproblematisch.<br \/>\nNach dem chinesischen Grenztor ist ein Kontrollposten der einen kurzen Blick in den Pass wirft und uns dann an daran erinnert <em>links zu fahren!<\/em><br \/>\nEinige Kilometer weiter den Pass runter gibt es dann erst einen Posten des Nationalparks an dem wir pro Person 8US$ oder 50 Chinesische Yuan Geb\u00fchr bezahlen mussten.<br \/>\nNur 50 Meter weiter dann ein Polizeiposten an dem wir eine <em>Registration Card<\/em> f\u00fcr Gilgit-Baltistan ausgestellt bekommen haben. Hier <strong>unbedingt<\/strong> angeben wie lange man hier im Norden bleiben m\u00f6chte und wo man \u00fcberall hinfahren m\u00f6chte. zB Deosai (Astor Valley), Skardu, Hunza, Gilgit, Babusar. Ansonsten kommt man an dem ein oder anderen Checkpoint nicht weiter!<\/p>\n<p>Am Posten in Sost bekommt man dann seinen Einreisestempel in den Pass und kann sich sein Carnet des Passages abstempeln lassen. Hat interessanter Weise aber keiner kontrolliert ob wir das auch machen!<\/p>\n<h6>Mobil Telefonieren<\/h6>\n<p>Im Norden Pakistans hat man Stand 2018 nur mit\u00a0 SCOm 4G Empfang und das auch nur in einigen St\u00e4dten. Die ganzen anderen Mobilfunkgesellschaften haben nur Edge.<br \/>\nDen ersten Shop haben wir in Aliabad gefunden (siehe iOverlander)<br \/>\nNach dem Beantragen der Karten haben wir, vmt da ein Sonntag dazwischen lag fast 48 Stunden gebraucht bis die Karte freigeschaltet war. danach hat es noch einen Anruf bei der Service Hotline gebraucht um auch noch das 3G\/4G Netz zu aktivieren. Normal sollte die Karte innerhalb von 24 Stunden aktiviert sein. F\u00fcr den Anruf bei der Hotline braucht es noch ein zus\u00e4tzliches Guthaben das man aufladen muss. (LTE haben wir dann in Gilgit freischalten lassen)<\/p>\n<h6>Geldautomaten<\/h6>\n<p>gibt es erst ab &#8222;Hunza&#8220; also ab Karimabad. Die Automaten weiter n\u00f6rdlich sind nicht VISA \/ Master Card tauglich und nur f\u00fcr &#8222;locals&#8220;<br \/>\nAbgesehen davon sind die Geldautomaten hier wie \u00dcberraschungseier und nur aus jedem &#8222;7. Ei&#8220; kommt auch was raus.<\/p>\n<p>Geld wechseln<br \/>\nAm Grenzposten in Sost kann man in einem der B\u00fcros Geld wechseln, zB seine restlichen Renminbis los werden.<\/p>\n<h6>Tempolimit<\/h6>\n<p>generelle Tempolimits scheint es , zumindest in Gilgit Baltistan nicht zu geben. Manchmal gibt es Schilder mit &#8222;drive slow&#8220;<\/p>\n<h6>Taxi<\/h6>\n<p>Wer kein TukTuk nehmen will, da man dem Fahrer eh nicht erkl\u00e4ren kann wo man hinwill und hinterher der preis um das doppelte steigt: Uber funktioniert in den gro\u00dfen St\u00e4dten. <a href=\"https:\/\/play.google.com\/store\/apps\/details?id=com.careem.acma\">Careem<\/a> ist die Alternative und damit kann man auch Moped-Taxis und Rikschas bestellen. (Googlemaps bietet beide Varianten bei der Navigation an)<\/p>\n<h6>\u00dcbernachten<\/h6>\n<p>Pl\u00e4tze zum <strong>Wild Zelten<\/strong> haben wir im Norden keine gefunden. Einmal haben wir auf einem Campingplatz, einmal im Hotelgarten unser Zelt augeschlagen. Auch im Deosai Nationalpark ist das Zelten nur an 3 Stellen erlaubt. Im Hushe Tal wollten wir neben einer H\u00e4ngebr\u00fccke zelten, das war aber der \u00f6rtlichen Polizei nicht recht und wir mussten ins Dorf auf eine Fleckchen Wiese umziehen.<\/p>\n<p><strong>Hotels\u00a0<\/strong>sind meist ziemlich abgefuckt und gar nicht mal so g\u00fcnstig. Sauber wird hier scheinbar anders definiert. Gesaugt oder gewischt wird offensichtlich selten und wenn dann\u00a0 nur oberfl\u00e4chlich. Bettw\u00e4sche ist oft dreckig. Bettdecken sind meistens gar nicht bezogen sondern einfache Wolldecken oder bunte Kunstfaserdecken.<\/p>\n<p>&nbsp;<\/p>\n<p>Die <strong>Stromversorgung<\/strong> ist Landesweit nicht besonders stabil, gerade in den entlegeneren gebieten wird oft Stundenlang der Strom abgeschaltet. Die besseren Hotels haben Generatoren<\/p>\n<p><strong>Internet<\/strong> (Wifi) gibt es in den Hotels relativ h\u00e4ufig, allerdings bei Stromausfall dann halt nicht. Und schnell war es nirgends. F\u00fcr n Facebook Messenger oder Whatsapp ausreichend, aber f\u00fcr Datensicherung nutzlos.<\/p>\n<h6>Belutschistan Transit \/ Ausreise in den Iran<\/h6>\n<p>F\u00fcr die Strecke von Sukkur \/Jakobabad \u00fcber Quetta nach Taftan braucht man eine Eskorte. Diese bekommt man mehr oder weniger bei einem Checkpoint oder nach einer Hotel\u00fcbernachtung automatsch und muss nicht danach suchen. In Quetta gibt verschiedene \u00dcbernachtungsm\u00f6glichkeiten. Ein oder zwei sehr teure Luxushotels, das v\u00f6llig \u00fcberteuerte Bloomstar Hotel (4000Rps DZ\/FS 2019) und f\u00fcr Auto und Lasterfahrer evtl die Polizeistation, die man allerdings nicht mehr so ohne weiteres zum Essen besorgen verlassen kann. Das Home Office \u00f6ffnet um 9 Uhr, auch dorthin wird man Eskortiert, bzw hinten im Pickup mitgenommen. Die Abholung organisiert das Hotel. es kann ein wenig dauern bis das &#8222;Taxi&#8220; dann auch da ist, also rechtzeitig bestellen. Die Ausstellung des NOC hat bei uns beinahe 3 Stunden gedauert. Grunds\u00e4tzlich gilt das NOC erst einen Tag nach der Ausstellung, d.h. man muss noch eine zweite Nacht in Quetta verbringen.<br \/>\nVon Jakobabad nach Quetta haben wir einen Tag gebraucht. Von Quetta nach Taftan zwei Fahrtage mit vielen Eskortenwechseln und zig l\u00e4stigen Checkpoints, an denen jedesmal andere Infos eingetragen werden mussten.<br \/>\nIn Taftan konnten wir an einer Levi Station \u00fcbernachten und die Zollformalit\u00e4ten (Carnet) noch am Abend erledigen<\/p>\n<p>Aktuelle Infos gibt es auch in der <a href=\"https:\/\/www.facebook.com\/groups\/380165292733552\/\">Pakistan Transit Gruppe<\/a> auf Facebook<\/p>\n<p>&nbsp;<\/p>\n","protected":false},"excerpt":{"rendered":"<p>Visa Das Pakistan Visa war im Vorfeld der Reisevorbereitung gleich nach dem China-Transit unsere gr\u00f6\u00dfte Sorge. Pakistan Visa k\u00f6nnen nur in Deutschland beantragt werden. Eine Visa-Agentur konnten wir nicht einschalten, da f\u00fcr Pakistan Reisende Visa nur pers\u00f6nlich beantragt werden k\u00f6nnen. Da wir in S\u00fcddeutschland wohnen ist das Frankfurter Konsulat f\u00fcr uns zust\u00e4ndig. Da das Visa <a href='https:\/\/www.durch-die-welt.de\/index.php\/reisetipps-landesinfos\/pakistan\/' class='excerpt-more'>[&#8230;]<\/a><\/p>\n","protected":false},"author":2,"featured_media":0,"parent":1929,"menu_order":0,"comment_status":"closed","ping_status":"closed","template":"","meta":{"footnotes":""},"class_list":["post-4246","page","type-page","status-publish","hentry","post-seq-1","post-parity-odd","meta-position-corners","fix"],"_links":{"self":[{"href":"https:\/\/www.durch-die-welt.de\/index.php\/wp-json\/wp\/v2\/pages\/4246","targetHints":{"allow":["GET"]}}],"collection":[{"href":"https:\/\/www.durch-die-welt.de\/index.php\/wp-json\/wp\/v2\/pages"}],"about":[{"href":"https:\/\/www.durch-die-welt.de\/index.php\/wp-json\/wp\/v2\/types\/page"}],"author":[{"embeddable":true,"href":"https:\/\/www.durch-die-welt.de\/index.php\/wp-json\/wp\/v2\/users\/2"}],"replies":[{"embeddable":true,"href":"https:\/\/www.durch-die-welt.de\/index.php\/wp-json\/wp\/v2\/comments?post=4246"}],"version-history":[{"count":16,"href":"https:\/\/www.durch-die-welt.de\/index.php\/wp-json\/wp\/v2\/pages\/4246\/revisions"}],"predecessor-version":[{"id":4922,"href":"https:\/\/www.durch-die-welt.de\/index.php\/wp-json\/wp\/v2\/pages\/4246\/revisions\/4922"}],"up":[{"embeddable":true,"href":"https:\/\/www.durch-die-welt.de\/index.php\/wp-json\/wp\/v2\/pages\/1929"}],"wp:attachment":[{"href":"https:\/\/www.durch-die-welt.de\/index.php\/wp-json\/wp\/v2\/media?parent=4246"}],"curies":[{"name":"wp","href":"https:\/\/api.w.org\/{rel}","templated":true}]}}