{"id":4036,"date":"2018-08-24T21:37:52","date_gmt":"2018-08-24T19:37:52","guid":{"rendered":"http:\/\/www.durch-die-welt.de\/?page_id=4036"},"modified":"2018-08-25T18:26:20","modified_gmt":"2018-08-25T16:26:20","slug":"kirgisistan","status":"publish","type":"page","link":"https:\/\/www.durch-die-welt.de\/index.php\/reisetipps-landesinfos\/kirgisistan\/","title":{"rendered":"Kirgisistan"},"content":{"rendered":"<h5>Infos f\u00fcr Kirgizstan \/ Kirgisien \/ Kirgisistan<\/h5>\n<h6>Einreise<\/h6>\n<p>Deutsche brauchen kein Visum, die Einreise an der\u00a0 Grenze beiKegen (Karakol) war problemlos und schnell. Das Fahrzeug muss nicht extra beim Zoll angemeldet werden, daf\u00fcr gilt weiterhin das russische Formular. (nicht wegwerfen, das braucht man bei der Ausreise dann wieder)<\/p>\n<h6>Versicherung<\/h6>\n<p>Stand 2018 gibt es angeblich keine verpflichtenden Haftpflicht-Versicherungen f\u00fcr Motorr\u00e4der und nur eine einzige Versicherungsgesellschaft die diese \u00fcberhaupt versichert<\/p>\n<h6>Verkehr<\/h6>\n<p>In Kirgisistan solltet ihr euch penibel an die Verkehrsregeln halten, hier wird an den besseren Strassen sehr h\u00e4ufig die Geschwindigkeit kontrolliert. Bereits 5 km\/h zu schnell kosten ca 500 Som, bis 10 km\/h ca 1000 Som.<br \/>\nGezahlt wird bei der n\u00e4chsten Post, dann bekommt man mit der Quittung beim Polizisten seinen F\u00fchrerschein zur\u00fcck. Wenn Ihr nicht zu schnell gewesen seid lohnt sich durchaus eine Diskussion. Einfach Vorbeifahren hat bei uns auch mehrfach gut funktioniert.<\/p>\n<h6>\u00dcbernachten<\/h6>\n<p>Man kann, ausser in Nationalparks \u00fcberall gut wild zelten und es st\u00f6rt niemanden.<br \/>\nIn vielen St\u00e4dten gibt es<a href=\"http:\/\/cbtkyrgyzstan.kg\/\"> CBT<\/a> (community based tourism) &#8222;Tourist Infos&#8220; die Homestays vermitteln, und zb Trekking mit und ohne Pferde anbieten. Wir haben auch manchmal von unterwegs per Whatsapp Zimmer reserviert.<br \/>\nIn Osh ist das TES Guesthouse ein beliebte Unterkunft bei Overlandern. Die Zimmer sind nicht ganz g\u00fcnstig aber man kann auch im Garten Zelten (da sind dann daf\u00fcr die Sanit\u00e4reinrichtungen nicht soooo sch\u00f6n)<br \/>\nIn Karakol gibt es Memos Guesthouse unter Italienischer Leitung, wo man auch Routentips Ausfl\u00fcge und Permits und gutes Essen bekommen kann.<br \/>\nNicht ganz g\u00fcnstig aber sehr sch\u00f6n ist das Asia Mountains in Bishkek, haben wir uns aber &#8222;gespart&#8220;<\/p>\n<h6>Finanzen<\/h6>\n<p>Geld gibt es problemlos an Geldautomaten, oft auch US Dollar<br \/>\nTankstellen akzeptieren meist keine Kreditkarten, h\u00e4ufig muss man, wie in Russland auch vorher sagen, wieviel man tanken m\u00f6chte (Polny Bak = Voller Tank)<\/p>\n<h6>Reifen &amp; Ersatzteile<\/h6>\n<p>In Osh gibt es bei ZorroMoto Heidenau Reifen und auch sonst wird das Sortiment immer weiter ausgebaut.<br \/>\nPakete k\u00f6nnen auch zu Dave geschickt werden<\/p>\n<h6>Telefonieren \/ Internet<\/h6>\n<p>sensationell g\u00fcnstig und erstaunlich gute 3G \/ LTE Abdeckung. Wir k\u00f6nnen Megacom empfehlen. 240 Som (3\u20ac) f\u00fcr ca 20GB Datentarif<\/p>\n<p>(Am Song K\u00f6l gibt es keinen Empfang)<\/p>\n<h6>Permits<\/h6>\n<p>Permits f\u00fcr die Grenzregionen, wenn man zB ohne China Visum zum Torugart pass und die Runde zum\u00a0 Kol Su fahren will gibt es auch beim jeweiligen CBT also f\u00fcr diese Strecke in Naryn.<\/p>\n<p>Eine sch\u00f6ner Abstecher (mit Permit) ist auch das Tal nach Engilchek von Kochgor aus<\/p>\n<h6>Taxi<\/h6>\n<p>In Bishkek kostet das Einsteigen 50 Som Grundgeb\u00fchr und dann kommen 10 Som pro gefahrenem Kilometer dazu.<br \/>\nDazu gibt es eine passende<a href=\"https:\/\/play.google.com\/store\/apps\/details?id=kg.nambaapps.taxiclient\"> Taxi App<\/a> die \u00e4hnlich wie Uber funktioniert (nur mit offiziellen Taxis) Also Start und Ziel in der App ausw\u00e4hlen. dazu muss man kein Russisch sprechen. Namba Taxi gibt es als App auch f\u00fcr Osch.<\/p>\n<p>In Bishkek gibt es noch den \u00f6ffentlichen Nahverkehr. Marschrutkas fahren hier auf festgelegten Linien zum Preis von 10 Som. Was wann wo f\u00e4hrt und einen offline Stadtplan gibt es auf der 2GIS App<\/p>\n","protected":false},"excerpt":{"rendered":"<p>Infos f\u00fcr Kirgizstan \/ Kirgisien \/ Kirgisistan Einreise Deutsche brauchen kein Visum, die Einreise an der\u00a0 Grenze beiKegen (Karakol) war problemlos und schnell. Das Fahrzeug muss nicht extra beim Zoll angemeldet werden, daf\u00fcr gilt weiterhin das russische Formular. (nicht wegwerfen, das braucht man bei der Ausreise dann wieder) Versicherung Stand 2018 gibt es angeblich keine <a href='https:\/\/www.durch-die-welt.de\/index.php\/reisetipps-landesinfos\/kirgisistan\/' class='excerpt-more'>[&#8230;]<\/a><\/p>\n","protected":false},"author":2,"featured_media":0,"parent":1929,"menu_order":0,"comment_status":"closed","ping_status":"closed","template":"","meta":{"footnotes":""},"class_list":["post-4036","page","type-page","status-publish","hentry","post-seq-1","post-parity-odd","meta-position-corners","fix"],"_links":{"self":[{"href":"https:\/\/www.durch-die-welt.de\/index.php\/wp-json\/wp\/v2\/pages\/4036","targetHints":{"allow":["GET"]}}],"collection":[{"href":"https:\/\/www.durch-die-welt.de\/index.php\/wp-json\/wp\/v2\/pages"}],"about":[{"href":"https:\/\/www.durch-die-welt.de\/index.php\/wp-json\/wp\/v2\/types\/page"}],"author":[{"embeddable":true,"href":"https:\/\/www.durch-die-welt.de\/index.php\/wp-json\/wp\/v2\/users\/2"}],"replies":[{"embeddable":true,"href":"https:\/\/www.durch-die-welt.de\/index.php\/wp-json\/wp\/v2\/comments?post=4036"}],"version-history":[{"count":9,"href":"https:\/\/www.durch-die-welt.de\/index.php\/wp-json\/wp\/v2\/pages\/4036\/revisions"}],"predecessor-version":[{"id":4055,"href":"https:\/\/www.durch-die-welt.de\/index.php\/wp-json\/wp\/v2\/pages\/4036\/revisions\/4055"}],"up":[{"embeddable":true,"href":"https:\/\/www.durch-die-welt.de\/index.php\/wp-json\/wp\/v2\/pages\/1929"}],"wp:attachment":[{"href":"https:\/\/www.durch-die-welt.de\/index.php\/wp-json\/wp\/v2\/media?parent=4036"}],"curies":[{"name":"wp","href":"https:\/\/api.w.org\/{rel}","templated":true}]}}