{"id":3702,"date":"2018-06-09T15:07:41","date_gmt":"2018-06-09T13:07:41","guid":{"rendered":"http:\/\/www.durch-die-welt.de\/?page_id=3702"},"modified":"2018-08-08T07:07:35","modified_gmt":"2018-08-08T05:07:35","slug":"russland","status":"publish","type":"page","link":"https:\/\/www.durch-die-welt.de\/index.php\/reisetipps-landesinfos\/russland\/","title":{"rendered":"Russland"},"content":{"rendered":"<h6>Die Landesinfos sind noch nicht fertig und werden laufend erweitert, sobald wir dazu kommen und wann immer uns etwas einf\u00e4llt.<\/h6>\n<h6>Visum<\/h6>\n<p>F\u00fcr das 3 Monate g\u00fcltige Visum mit double entry ben\u00f6tigt man ein Business Visum. Wir haben uns eine Visa Agentur genommen die das, samt zugeh\u00f6riger Einladung f\u00fcr uns erledigt hat. Wenn eine Agentur meint, dass das nur gehen w\u00fcrde, wenn man bereits einmal ein Russland Visum hatte, sucht euch eine andere Agentur.<\/p>\n<h6>Einreise<\/h6>\n<p>Wir haben die s\u00fcdlichste der drei estnischen Grenz\u00fcberg\u00e4nge nach Russland genommen.<br \/>\nWenige tage zuvor haben wir von einer Reisebekanntschaft geh\u00f6rt, dass sie in Narwa, dem n\u00f6rdlichsten und gr\u00f6\u00dften Estnischen Grenz\u00fcbergang \u00fcber 6 Stunden gebraucht h\u00e4tten.<br \/>\nAn der Grenze in Luhamaa war bei der Ausreise aus Estland nichts los. Eine <a href=\"https:\/\/www.estonianborder.eu\/\">Wartenummer<\/a> mussten wir uns vor Ort trotzdem kaufen.<br \/>\nNach der Ausreise sind wir langsam an den wartenden Autos vorbei, bis zum ersten Schlagbaum gefahren und haben dort am Rand gewartet, bis wir recht schnell an der Reihe waren und in den Grenzbereich einfahren durften.<br \/>\nDort gab es sogar deutschsprachige Formulare und relativ freundliche russische Grenz- und Zollbeamte die uns sogar beim Ausf\u00fcllen behilflich waren.<\/p>\n<h6>Tanken<\/h6>\n<p>vorher zahlen, mehr bestellen , gibt Geld zur\u00fcck, auch mit Kreditkarte, wenn &#8222;voll machen&#8220; (Polny Bak) nicht geht<br \/>\nManchmal muss man den Zapfhahn vor der Bestellung bereits in den Tank h\u00e4ngen.<\/p>\n<h6>Reifen<\/h6>\n<p>es macht keinen Sinn Reifen von Deutschland mit sich herumzuschleppen. In Russland kann man sich zB von <a href=\"http:\/\/motorezina.ru\/\">motorezina.ru<\/a> Reifen an viele Orte liefern lassen.Wenn man zum \u00d6ffnen der Seite den Chrome Browser nutzt \u00fcbersetzt google translate auch gleich automatisch<\/p>\n<h6>Essen<\/h6>\n<p>Fleischlastig, kleine Portionen, gute Suppen, salzarm, ohne Mikrowelle geht nix<\/p>\n<h6><strong>\u00dcbernachten<\/strong><\/h6>\n<p>Kostenlose Unterk\u00fcnfte f\u00fcr Motorradfahrer gibt es bei einigen Russischen Motorradclubs<br \/>\nzB<br \/>\nBikepost Usolje Sibirskoje<br \/>\nBike Post Black African in Byisk<\/p>\n<p><strong>Wild Zelten<\/strong> ist \u00fcberall m\u00f6glich. von Badestr\u00e4nden sollte man sich fern halten, da sind gern mal Betrunkene. Mit Anglern als Nachbarn haben wir dagegen gute Erfahrungen gemacht.<br \/>\n<strong>Campingpl\u00e4tze<\/strong> gibt es keine, ausser im Altai entlang der Fl\u00fcsse, da gibt es viele<br \/>\n<strong>Couchsurfing <\/strong>nicht immer einfach einen Parkplatz zu finden<br \/>\n<strong>ioverlander app <\/strong>mit n\u00fctzlichen Adressen, u.a WildZelt Spots<\/p>\n<p><strong>M\u00fccken<\/strong>: Moskito-Kopfnetz und Hut als Abstandhalter, M\u00fcckenspray<br \/>\ngibt allerdings nicht nur M\u00fccken sondern auch alle Arten von Fliegen<br \/>\n<strong>Zecken<\/strong>: Impfung dringend empfohlen, Hose in die Socken stecken, Spray<\/p>\n<p>&nbsp;<\/p>\n<p>Verkehr<\/p>\n<h6>Telefonieren \/Internet<\/h6>\n<p>Handy Sim Karten mit reichlich Datenvolumen sind wesentlich g\u00fcnstiger als in europa und einfach zu bekommen.<\/p>\n<p>Bevor man das Land verl\u00e4sst sollte man den Tarif abbestellen, falls man wieder einreisen will. ANsonsten hat man Minus auf der Karte, das man erst wieder ausgleichen muss, und das dann evtl nur noch ein paar tage des laufenden Monats gilt.<\/p>\n<p><strong>MTC<\/strong>:in St\u00e4dten meist LTE aufm Land oft nur Edge (7GB 5\u20ac)<br \/>\n<strong>beeline<\/strong> hatte unterwegs im Wald oder in abgelegenen Rastst\u00e4tten oft H oder H+ (30GB 4\u20ac)<\/p>\n<h6>Taxi<\/h6>\n<p>In Russland haben wir zum ersten mal <em>Uber<\/em> ausprobiert und es war ideal f\u00fcr uns. man gibt auf der Karte einfach ein, wo man hin will, dann kommt ein Uber und bringt dich auch ohne sprachkenntnisse zum vorher angezeigten Festpreis da hin. Markiere vorher deinen Startpunkt, falls du sp\u00e4ter wieder &#8222;Heim&#8220; m\u00f6chtest.<br \/>\nAlternativ gibt es noch <em>Yandex Taxi<\/em>, funktioniert auch \u00fcber eine App, ist ein wenig teurer, sind daf\u00fcr &#8222;echte&#8220; Taxis<\/p>\n<p>&nbsp;<\/p>\n","protected":false},"excerpt":{"rendered":"<p>Die Landesinfos sind noch nicht fertig und werden laufend erweitert, sobald wir dazu kommen und wann immer uns etwas einf\u00e4llt. Visum F\u00fcr das 3 Monate g\u00fcltige Visum mit double entry ben\u00f6tigt man ein Business Visum. Wir haben uns eine Visa Agentur genommen die das, samt zugeh\u00f6riger Einladung f\u00fcr uns erledigt hat. Wenn eine Agentur meint, <a href='https:\/\/www.durch-die-welt.de\/index.php\/reisetipps-landesinfos\/russland\/' class='excerpt-more'>[&#8230;]<\/a><\/p>\n","protected":false},"author":2,"featured_media":0,"parent":1929,"menu_order":0,"comment_status":"closed","ping_status":"closed","template":"","meta":{"footnotes":""},"class_list":["post-3702","page","type-page","status-publish","hentry","post-seq-1","post-parity-odd","meta-position-corners","fix"],"_links":{"self":[{"href":"https:\/\/www.durch-die-welt.de\/index.php\/wp-json\/wp\/v2\/pages\/3702","targetHints":{"allow":["GET"]}}],"collection":[{"href":"https:\/\/www.durch-die-welt.de\/index.php\/wp-json\/wp\/v2\/pages"}],"about":[{"href":"https:\/\/www.durch-die-welt.de\/index.php\/wp-json\/wp\/v2\/types\/page"}],"author":[{"embeddable":true,"href":"https:\/\/www.durch-die-welt.de\/index.php\/wp-json\/wp\/v2\/users\/2"}],"replies":[{"embeddable":true,"href":"https:\/\/www.durch-die-welt.de\/index.php\/wp-json\/wp\/v2\/comments?post=3702"}],"version-history":[{"count":11,"href":"https:\/\/www.durch-die-welt.de\/index.php\/wp-json\/wp\/v2\/pages\/3702\/revisions"}],"predecessor-version":[{"id":3965,"href":"https:\/\/www.durch-die-welt.de\/index.php\/wp-json\/wp\/v2\/pages\/3702\/revisions\/3965"}],"up":[{"embeddable":true,"href":"https:\/\/www.durch-die-welt.de\/index.php\/wp-json\/wp\/v2\/pages\/1929"}],"wp:attachment":[{"href":"https:\/\/www.durch-die-welt.de\/index.php\/wp-json\/wp\/v2\/media?parent=3702"}],"curies":[{"name":"wp","href":"https:\/\/api.w.org\/{rel}","templated":true}]}}