{"id":337,"date":"2011-02-18T20:50:25","date_gmt":"2011-02-18T19:50:25","guid":{"rendered":"http:\/\/www.durch-die-welt.de\/?page_id=337"},"modified":"2011-03-18T10:24:09","modified_gmt":"2011-03-18T09:24:09","slug":"bolivien-peru-und-ecuador","status":"publish","type":"page","link":"https:\/\/www.durch-die-welt.de\/index.php\/der-weg\/bolivien-peru-und-ecuador\/","title":{"rendered":"Bolivien Peru und Ecuador"},"content":{"rendered":"<p>Machu Pichu ist sicherlich ein H\u00f6hepunkt, ob positiv oder negativ, da f\u00fcrchterlich von Touristen \u00fcberlaufen wird sich zeigen.<br \/>\nDer Titikakasee mit La Paz wird sicher die h\u00f6chste Stadt auf unserer Reise sein.<\/p>\n<p>Und dann war da ja noch die Strasse des Todes&#8230;.<\/p>\n","protected":false},"excerpt":{"rendered":"<p>Machu Pichu ist sicherlich ein H\u00f6hepunkt, ob positiv oder negativ, da f\u00fcrchterlich von Touristen \u00fcberlaufen wird sich zeigen. Der Titikakasee mit La Paz wird sicher die h\u00f6chste Stadt auf unserer Reise sein. Und dann war da ja noch die Strasse des Todes&#8230;.<\/p>\n","protected":false},"author":2,"featured_media":0,"parent":132,"menu_order":3,"comment_status":"open","ping_status":"closed","template":"1r-sidebar.php","meta":{"footnotes":""},"class_list":["post-337","page","type-page","status-publish","hentry","post-seq-1","post-parity-odd","meta-position-corners","fix"],"_links":{"self":[{"href":"https:\/\/www.durch-die-welt.de\/index.php\/wp-json\/wp\/v2\/pages\/337","targetHints":{"allow":["GET"]}}],"collection":[{"href":"https:\/\/www.durch-die-welt.de\/index.php\/wp-json\/wp\/v2\/pages"}],"about":[{"href":"https:\/\/www.durch-die-welt.de\/index.php\/wp-json\/wp\/v2\/types\/page"}],"author":[{"embeddable":true,"href":"https:\/\/www.durch-die-welt.de\/index.php\/wp-json\/wp\/v2\/users\/2"}],"replies":[{"embeddable":true,"href":"https:\/\/www.durch-die-welt.de\/index.php\/wp-json\/wp\/v2\/comments?post=337"}],"version-history":[{"count":3,"href":"https:\/\/www.durch-die-welt.de\/index.php\/wp-json\/wp\/v2\/pages\/337\/revisions"}],"predecessor-version":[{"id":710,"href":"https:\/\/www.durch-die-welt.de\/index.php\/wp-json\/wp\/v2\/pages\/337\/revisions\/710"}],"up":[{"embeddable":true,"href":"https:\/\/www.durch-die-welt.de\/index.php\/wp-json\/wp\/v2\/pages\/132"}],"wp:attachment":[{"href":"https:\/\/www.durch-die-welt.de\/index.php\/wp-json\/wp\/v2\/media?parent=337"}],"curies":[{"name":"wp","href":"https:\/\/api.w.org\/{rel}","templated":true}]}}