{"id":333,"date":"2011-02-18T20:46:34","date_gmt":"2011-02-18T19:46:34","guid":{"rendered":"http:\/\/www.durch-die-welt.de\/?page_id=333"},"modified":"2011-09-05T20:37:45","modified_gmt":"2011-09-05T19:37:45","slug":"patagonien-und-chile","status":"publish","type":"page","link":"https:\/\/www.durch-die-welt.de\/index.php\/der-weg\/patagonien-und-chile\/","title":{"rendered":"Argentinien und Chile &#8211; Anden und Patagonien"},"content":{"rendered":"<p><strong>2. Teil unserer Motorradreise durch S\u00fcdamerika:<\/strong><br \/>\nPosadas &#8211; Cordoba &#8211; Mendoza &#8211; San Martin de los Andes<\/p>\n<p>Nach einem Ausflug nach Paraguay folgen wir dem Verlauf des Rio Parana zuerst nach Westen und weiter nach S\u00fcden bis zur Laguna La Loca. Hier verlassen wir den Parana und fahren S\u00fcdwestw\u00e4rts Richtung Cordoba. Nach den sumpfigen Ebenen freuen wir uns auf dem weiteren Weg nach Mendoza auf die Gebirgsz\u00fcge der &#8222;Sierra de Cordoba&#8220; und der &#8222;Sierra San Luis&#8220;.<br \/>\nNachdem wir die Ausl\u00e4ufer der Anden erreicht haben wird die Orientierung einfach. Entlang der legend\u00e4ren Ruta 40 geht es nach S\u00fcden bis wir San Martin de los Andes erreichen, wo nach dem Vulkanausbruch un dem heftigen Asche&#8220;regen&#8220; langsam wieder der Normalzustand einkehrt.<br \/>\nHier besuchen wir den ehemaligen Sindelfinger Ingo und seine Frau, die hier gemeinsam ein kleines <a href=\"http:\/\/www.refugio-melingo.com\/\" target=\"_blank\">Ferienhaus <\/a>betreiben.<\/p>\n<p>Hier im &#8222;Lake Distrikt&#8220; wollen wir uns eine Zeit lang erholen und die gr\u00fcnen W\u00e4lder und Berge geniessen. Ganz in der N\u00e4he in San Carlos de Bariloche wartet bei Klaus ja auch immernoch ein gut gek\u00fchltes Bier auf uns. Auch unsere Motorr\u00e4der werden wir hier wahrscheinlich einen kleinen Inspektion unterziehen und evtl. neue Reifen aufziehen bevor wir nach Patagonien und Feuerland weiterfahren.<\/p>\n<p>Aber so schnell kommen wir noch nicht weiter.<br \/>\nBei El Bolson zuerst besuchen wir noch Francho Kramer und seine Familie auf seinem Selbstversorger-Bauernhof.<\/p>\n<p><a href=\"https:\/\/www.durch-die-welt.de\/wp-content\/uploads\/2011\/09\/Posadas-Bariloche1.gpx\"><\/a><\/p>\n<p>&nbsp;<\/p>\n<p><strong>3. Teil unserer Motorradreise durch S\u00fcdamerika:<\/strong><br \/>\nDurch Patagonien entlang der Atlantikk\u00fcste nach Feuerland<\/p>\n<p>Nach einigen Tips von Francho fahren wir auf unseren Motorr\u00e4dern jetzt erst einmal wieder nach Osten, bis an den Atlantik. \u00dcber ein paar kleine Mittelgebirge geht es nach Trelew und entlang der Ruta 3 nach Rio Gallegos und Ushuaia. Nach \u00fcber 10&#8217;000km haben wir das &#8222;Ende der Welt&#8220; erreicht.<\/p>\n<p><a href=\"https:\/\/www.durch-die-welt.de\/wp-content\/uploads\/2011\/09\/Bolson-Ushuaia.gpx\"><\/a><\/p>\n<p>&nbsp;<\/p>\n<p><strong>4. Abschnitt:<\/strong><br \/>\ndie Carretera Austral durch Chile<\/p>\n<p>F\u00fcr den Weg nach Norden nehmen wir erstmal wieder die Ruta 40, die wir zwischen Mendoza und Bariloche bereits kennengelernt haben, bevor wir irgendwann auf die Carretera Austral nach Chile wechseln.<\/p>\n<p><strong>5. Abschnitt:<\/strong><br \/>\nChile und Nordargentinien<\/p>\n<p><strong>6. Abschnitt:<\/strong><br \/>\n<a href=\"https:\/\/www.durch-die-welt.de\/index.php\/der-weg\/bolivien-peru-und-ecuador\">Bolivien und Peru<\/a><\/p>\n<p>&nbsp;<\/p>\n<p>Hier kommen wir her &#8211; <a href=\"https:\/\/www.durch-die-welt.de\/index.php\/der-weg\/brasilien-und-paraguay\">1. Teil unserer Reise<\/a><br \/>\nvon Buenos Aires durch Uruguay und Brasilien zu den Iguazu F\u00e4llen<\/p>\n","protected":false},"excerpt":{"rendered":"<p>2. Teil unserer Motorradreise durch S\u00fcdamerika: Posadas &#8211; Cordoba &#8211; Mendoza &#8211; San Martin de los Andes Nach einem Ausflug nach Paraguay folgen wir dem Verlauf des Rio Parana zuerst nach Westen und weiter nach S\u00fcden bis zur Laguna La Loca. Hier verlassen wir den Parana und fahren S\u00fcdwestw\u00e4rts Richtung Cordoba. Nach den sumpfigen Ebenen <a href='https:\/\/www.durch-die-welt.de\/index.php\/der-weg\/patagonien-und-chile\/' class='excerpt-more'>[&#8230;]<\/a><\/p>\n","protected":false},"author":2,"featured_media":0,"parent":132,"menu_order":1,"comment_status":"open","ping_status":"closed","template":"1r-sidebar.php","meta":{"footnotes":""},"class_list":["post-333","page","type-page","status-publish","hentry","post-seq-1","post-parity-odd","meta-position-corners","fix"],"_links":{"self":[{"href":"https:\/\/www.durch-die-welt.de\/index.php\/wp-json\/wp\/v2\/pages\/333","targetHints":{"allow":["GET"]}}],"collection":[{"href":"https:\/\/www.durch-die-welt.de\/index.php\/wp-json\/wp\/v2\/pages"}],"about":[{"href":"https:\/\/www.durch-die-welt.de\/index.php\/wp-json\/wp\/v2\/types\/page"}],"author":[{"embeddable":true,"href":"https:\/\/www.durch-die-welt.de\/index.php\/wp-json\/wp\/v2\/users\/2"}],"replies":[{"embeddable":true,"href":"https:\/\/www.durch-die-welt.de\/index.php\/wp-json\/wp\/v2\/comments?post=333"}],"version-history":[{"count":13,"href":"https:\/\/www.durch-die-welt.de\/index.php\/wp-json\/wp\/v2\/pages\/333\/revisions"}],"predecessor-version":[{"id":1285,"href":"https:\/\/www.durch-die-welt.de\/index.php\/wp-json\/wp\/v2\/pages\/333\/revisions\/1285"}],"up":[{"embeddable":true,"href":"https:\/\/www.durch-die-welt.de\/index.php\/wp-json\/wp\/v2\/pages\/132"}],"wp:attachment":[{"href":"https:\/\/www.durch-die-welt.de\/index.php\/wp-json\/wp\/v2\/media?parent=333"}],"curies":[{"name":"wp","href":"https:\/\/api.w.org\/{rel}","templated":true}]}}