{"id":3322,"date":"2013-12-06T14:12:09","date_gmt":"2013-12-06T13:12:09","guid":{"rendered":"http:\/\/www.durch-die-welt.de\/?page_id=3322"},"modified":"2018-06-09T15:15:53","modified_gmt":"2018-06-09T13:15:53","slug":"suedamerika-allgemein","status":"publish","type":"page","link":"https:\/\/www.durch-die-welt.de\/index.php\/reisetipps-landesinfos\/suedamerika-allgemein\/","title":{"rendered":"S\u00fcdamerika"},"content":{"rendered":"<p>Hilfreiche landes\u00fcbergreifende Links und Infos f\u00fcr S\u00fcdamerika Reisende<\/p>\n<p>Plattform f\u00fcr <a href=\" http:\/\/www.despegar.com\">Fl\u00fcge<\/a> in Lateinamerika<\/p>\n<p><a href=\"https:\/\/www.durch-die-welt.de\/index.php\/reisetipps-und-landesinfos-2\/\">GPS Karten<\/a> f\u00fcr S\u00fcdamerika<\/p>\n<p><a href=\"http:\/\/espanol.weather.com\">Wetterbericht <\/a>f\u00fcr S\u00fcdamerika<\/p>\n<p>Motorradtreffen: www.klk.freehosting.net<br \/>\nwww.motoencuentros.com<\/p>\n<p>&nbsp;<\/p>\n<p>&nbsp;<\/p>\n<p>Die Krad-Vagabunden geben auf ihrer <a href=\"http:\/\/krad-vagabunden.de\/\">Reiseseite <\/a>auch viele Tips und Koordinaten f\u00fcr Motorradreisende<\/p>\n","protected":false},"excerpt":{"rendered":"<p>Hilfreiche landes\u00fcbergreifende Links und Infos f\u00fcr S\u00fcdamerika Reisende Plattform f\u00fcr Fl\u00fcge in Lateinamerika GPS Karten f\u00fcr S\u00fcdamerika Wetterbericht f\u00fcr S\u00fcdamerika Motorradtreffen: www.klk.freehosting.net www.motoencuentros.com &nbsp; &nbsp; Die Krad-Vagabunden geben auf ihrer Reiseseite auch viele Tips und Koordinaten f\u00fcr Motorradreisende<\/p>\n","protected":false},"author":2,"featured_media":0,"parent":1929,"menu_order":0,"comment_status":"open","ping_status":"closed","template":"","meta":{"footnotes":""},"class_list":["post-3322","page","type-page","status-publish","hentry","post-seq-1","post-parity-odd","meta-position-corners","fix"],"_links":{"self":[{"href":"https:\/\/www.durch-die-welt.de\/index.php\/wp-json\/wp\/v2\/pages\/3322","targetHints":{"allow":["GET"]}}],"collection":[{"href":"https:\/\/www.durch-die-welt.de\/index.php\/wp-json\/wp\/v2\/pages"}],"about":[{"href":"https:\/\/www.durch-die-welt.de\/index.php\/wp-json\/wp\/v2\/types\/page"}],"author":[{"embeddable":true,"href":"https:\/\/www.durch-die-welt.de\/index.php\/wp-json\/wp\/v2\/users\/2"}],"replies":[{"embeddable":true,"href":"https:\/\/www.durch-die-welt.de\/index.php\/wp-json\/wp\/v2\/comments?post=3322"}],"version-history":[{"count":6,"href":"https:\/\/www.durch-die-welt.de\/index.php\/wp-json\/wp\/v2\/pages\/3322\/revisions"}],"predecessor-version":[{"id":3705,"href":"https:\/\/www.durch-die-welt.de\/index.php\/wp-json\/wp\/v2\/pages\/3322\/revisions\/3705"}],"up":[{"embeddable":true,"href":"https:\/\/www.durch-die-welt.de\/index.php\/wp-json\/wp\/v2\/pages\/1929"}],"wp:attachment":[{"href":"https:\/\/www.durch-die-welt.de\/index.php\/wp-json\/wp\/v2\/media?parent=3322"}],"curies":[{"name":"wp","href":"https:\/\/api.w.org\/{rel}","templated":true}]}}