{"id":328,"date":"2011-02-18T20:41:36","date_gmt":"2011-02-18T19:41:36","guid":{"rendered":"http:\/\/www.durch-die-welt.de\/?page_id=328"},"modified":"2012-08-07T00:19:32","modified_gmt":"2012-08-06T22:19:32","slug":"brasilien-und-paraguay","status":"publish","type":"page","link":"https:\/\/www.durch-die-welt.de\/index.php\/der-weg\/brasilien-und-paraguay\/","title":{"rendered":"Uruguay und Brasilien"},"content":{"rendered":"<p><strong>1. Teil unserer Motorradreise durch S\u00fcdamerika:<\/strong><\/p>\n<p>Nach einer Woche in Buenos Aires\u00a0 sollten wir unsere Motorr\u00e4der aus dem Zoll haben. Da die F\u00e4hren nach Uruguay nicht ganz g\u00fcnstig sind fahren wir die 200 km bis zur ersten Br\u00fccke \u00fcber den Rio Uruguay.<br \/>\nWir durchqueren Uruguay in Richtung Atlantik mit dem Ziel Cabo Polonio.<br \/>\nEtwas Strand und Sonne wollen wir uns nicht entgehen lassen bevor wir nach Brasilien aufbrechen um in Florianopolis noch einen kleinen Badeurlaub einzulegen.<br \/>\nN\u00e4chstes Ziel sind die Iguazu F\u00e4lle im viel L\u00e4nder Eck Brasilien, Paraguay, Uruguay Argentinien.<br \/>\nNach ein, zwei Tagen an den Wasserf\u00e4llen fahren wir weiter durch das Urwaldgebiet Misiones nach Posadas wo wir vielleicht noch einen Abstecher nach Paraguay unternehmen bevor es weiter durch Argentinien Richtung Anden nach Cordoba und Mendoza geht.<\/p>\n<p>F\u00fcr die knapp 4000 km dieses ersten Reiseabschnittes unserer Motorradreise durch S\u00fcdamerika haben wir f\u00fcr die reine Fahrzeit ca. 17 Tage veranschlagt. Ruhetage, Pannen, Verl\u00e4ngerungen an sch\u00f6nen Orten, Besichtigungen und Strandurlaub kommen da noch dazu!<br \/>\nErst bei der genauen Etappenplanung ist uns bewusst geworden wie gro\u00df S\u00fcdamerika is und wie weit allein dieser &#8222;kleine Ausflug&#8220; von Buenos Aires zu den Iguazu F\u00e4llen ist.<br \/>\nGut dass wie ein ganzes Jahr Zeit haben diesen Kontinent, zumindest teilweise zu erkunden.<\/p>\n<p>&nbsp;<\/p>\n<p>Hier zum Vergleich unsere gefahrene Route:<br \/>\nMit Strand und Sonne in Uruguay wars zwar nix, da das Wetter nicht mitgespielt hat und auch in Florianopolis haben wir auf den Badeurlaub verzichtet. Zu \u00fcberlaufen und zu windig. Heiss w\u00e4rs gewesen. Daf\u00fcr waren wir an den Iguazu F\u00e4llen fast eine Woche.<\/p>\n<p>&nbsp;<\/p>\n<p><a href=\"https:\/\/www.durch-die-welt.de\/index.php\/der-weg\/patagonien-und-chile\">zur 2. Etappe durch Argentinien<\/a><\/p>\n","protected":false},"excerpt":{"rendered":"<p>1. Teil unserer Motorradreise durch S\u00fcdamerika: Nach einer Woche in Buenos Aires\u00a0 sollten wir unsere Motorr\u00e4der aus dem Zoll haben. Da die F\u00e4hren nach Uruguay nicht ganz g\u00fcnstig sind fahren wir die 200 km bis zur ersten Br\u00fccke \u00fcber den Rio Uruguay. Wir durchqueren Uruguay in Richtung Atlantik mit dem Ziel Cabo Polonio. Etwas Strand <a href='https:\/\/www.durch-die-welt.de\/index.php\/der-weg\/brasilien-und-paraguay\/' class='excerpt-more'>[&#8230;]<\/a><\/p>\n","protected":false},"author":2,"featured_media":0,"parent":132,"menu_order":0,"comment_status":"open","ping_status":"closed","template":"1r-sidebar.php","meta":{"footnotes":""},"class_list":["post-328","page","type-page","status-publish","hentry","post-seq-1","post-parity-odd","meta-position-corners","fix"],"_links":{"self":[{"href":"https:\/\/www.durch-die-welt.de\/index.php\/wp-json\/wp\/v2\/pages\/328","targetHints":{"allow":["GET"]}}],"collection":[{"href":"https:\/\/www.durch-die-welt.de\/index.php\/wp-json\/wp\/v2\/pages"}],"about":[{"href":"https:\/\/www.durch-die-welt.de\/index.php\/wp-json\/wp\/v2\/types\/page"}],"author":[{"embeddable":true,"href":"https:\/\/www.durch-die-welt.de\/index.php\/wp-json\/wp\/v2\/users\/2"}],"replies":[{"embeddable":true,"href":"https:\/\/www.durch-die-welt.de\/index.php\/wp-json\/wp\/v2\/comments?post=328"}],"version-history":[{"count":29,"href":"https:\/\/www.durch-die-welt.de\/index.php\/wp-json\/wp\/v2\/pages\/328\/revisions"}],"predecessor-version":[{"id":383,"href":"https:\/\/www.durch-die-welt.de\/index.php\/wp-json\/wp\/v2\/pages\/328\/revisions\/383"}],"up":[{"embeddable":true,"href":"https:\/\/www.durch-die-welt.de\/index.php\/wp-json\/wp\/v2\/pages\/132"}],"wp:attachment":[{"href":"https:\/\/www.durch-die-welt.de\/index.php\/wp-json\/wp\/v2\/media?parent=328"}],"curies":[{"name":"wp","href":"https:\/\/api.w.org\/{rel}","templated":true}]}}