{"id":2824,"date":"2012-08-15T04:05:19","date_gmt":"2012-08-15T02:05:19","guid":{"rendered":"http:\/\/www.durch-die-welt.de\/?page_id=2824"},"modified":"2012-08-19T14:43:00","modified_gmt":"2012-08-19T12:43:00","slug":"venezuela","status":"publish","type":"page","link":"https:\/\/www.durch-die-welt.de\/index.php\/reisetipps-landesinfos\/venezuela\/","title":{"rendered":"Venezuela"},"content":{"rendered":"<p><strong>Einreise Cucuta \/ San Cristobal<\/strong><\/p>\n<p>Das Grenzb\u00fcro f\u00fcr die Ausreise aus Kolumbien ist nur \u00fcber die Gegenfahrbahn erreichbar, also in Fahrtrichtung von Venezuela nach Kolumbien. Ein und Ausreise Schalter sind dieselben, die Schlange entsprechend lang. Wir mussten eine Stunde anstehen<\/p>\n<p>F\u00fcr den Motorrad Export mussten wir dann zu den Z\u00f6llner direkt an der Grenzstation (auch in Fahrtrichtung nach Kolumbien!) Die brauchen dann eine Kopie und das Original der Importbescheinigung und unerkl\u00e4rlich viel Zeit.<\/p>\n<p>Die Einreise in Venezuela gestaltet sich dann chaotisch.<br \/>\nWir k\u00f6nnen ohne Kontrolle durchfahren.\u00a0 F\u00fcr unseren Einreisestempel fahren wir zur Immigration in der Stadt, da sie an der Grenze direkt vor unsrer Nase f\u00fcr die Mittagspause zu machen.<\/p>\n<p>Motorrad Import gibts allerdings nur direkt an der Grenze und hat auch Mittagspause.<\/p>\n<p><span style=\"text-decoration: underline;\">Ben\u00f6tigte Papiere:<\/span><br \/>\n&#8211; Versicherung f\u00fcr Kolumbien<br \/>\n&#8211; Kopie der Ausreisebescheinigung (des Motorrads) aus Kolumbien<br \/>\n&#8211; Irgend ne Geb\u00fchrenmarke (evtl Steuer?!)<br \/>\n&#8211; Kopien und Original von Fahrzeugpapiere, F\u00fchrerschein, Versicherung, Pass<\/p>\n<p>Alternative:<br \/>\nEinfach durchfahren und Kontrollen riskieren<\/p>\n<p><strong>Ausreise bei Maracaibo<\/strong>:<\/p>\n<p>ACHTUNG: Der Zoll auf der Kolumbianischen Seite hat Fr\/Sa\/So und an Feiertagen nur bis 16:00 Uhr ge\u00f6ffnet.<br \/>\n(Halbe Stunde Zeitunterschied zu Venezuela beachten)<\/p>\n<p><strong>Tanken<\/strong>:<br \/>\nBenzin ist in Venezuela fast geschenkt. Der Liter kostet ca 0,8 \u20acCent<br \/>\nAn den Tankstellen gibt es extrem lange Schlangen<br \/>\nIn der Provinz Tachira gibt es Benzin nur nach vorherige Registrierung an der Plaza de Toros in San Cristobal. Da gibts dann ne Tarjeta und n Strichcode f\u00fcr die Windschutzscheibe und damit bekommt man dann Sprit. Angeblich gibt es an manchen Tankstellen auch ohne Tarjeta Benzin. Wir hatten Gl\u00fcck und haben an einer Tankstelle ein paar Liter geschenkt bekommen .<\/p>\n<p>Auch in der n\u00f6rdlichen Grenzprovinz gibt es Sprit nur mit Chipkarte &#8211; f\u00fcr Reisende nicht besonders praktisch<\/p>\n<p>&nbsp;<\/p>\n<p><strong>Geld wechseln:<\/strong><br \/>\nAuf der Kolumbianischen Seite der Grenze gibt es haufenweise Geldwechsler. In Venezuela haben wir nur schwer eine Wechselstube gefunden. Auf dem Schwarzmarkt gibt es ca den doppelten Kurs. Kolumbianische Pesos bekommt man nur direkt an der Grenze gewechselt. Im Landesinneren nur noch US Dollar oder \u20acuro<\/p>\n<p><strong>Verkehr<\/strong>:<br \/>\nDer Verkehr in Venezuela ist f\u00fcr S\u00fcdamerika ungew\u00f6hnlich dicht. Vorfahrt wird uns st\u00e4ndig genommen, das ist auch bisher einmalig. In den St\u00e4dten herrscht Dauerstau, da bedingt durch die l\u00e4cherlichen Benzinpreise jeder meter gefahren wird<\/p>\n","protected":false},"excerpt":{"rendered":"<p>Einreise Cucuta \/ San Cristobal Das Grenzb\u00fcro f\u00fcr die Ausreise aus Kolumbien ist nur \u00fcber die Gegenfahrbahn erreichbar, also in Fahrtrichtung von Venezuela nach Kolumbien. Ein und Ausreise Schalter sind dieselben, die Schlange entsprechend lang. Wir mussten eine Stunde anstehen F\u00fcr den Motorrad Export mussten wir dann zu den Z\u00f6llner direkt an der Grenzstation (auch <a href='https:\/\/www.durch-die-welt.de\/index.php\/reisetipps-landesinfos\/venezuela\/' class='excerpt-more'>[&#8230;]<\/a><\/p>\n","protected":false},"author":2,"featured_media":0,"parent":1929,"menu_order":8,"comment_status":"open","ping_status":"closed","template":"","meta":{"footnotes":""},"class_list":["post-2824","page","type-page","status-publish","hentry","post-seq-1","post-parity-odd","meta-position-corners","fix"],"_links":{"self":[{"href":"https:\/\/www.durch-die-welt.de\/index.php\/wp-json\/wp\/v2\/pages\/2824","targetHints":{"allow":["GET"]}}],"collection":[{"href":"https:\/\/www.durch-die-welt.de\/index.php\/wp-json\/wp\/v2\/pages"}],"about":[{"href":"https:\/\/www.durch-die-welt.de\/index.php\/wp-json\/wp\/v2\/types\/page"}],"author":[{"embeddable":true,"href":"https:\/\/www.durch-die-welt.de\/index.php\/wp-json\/wp\/v2\/users\/2"}],"replies":[{"embeddable":true,"href":"https:\/\/www.durch-die-welt.de\/index.php\/wp-json\/wp\/v2\/comments?post=2824"}],"version-history":[{"count":6,"href":"https:\/\/www.durch-die-welt.de\/index.php\/wp-json\/wp\/v2\/pages\/2824\/revisions"}],"predecessor-version":[{"id":2827,"href":"https:\/\/www.durch-die-welt.de\/index.php\/wp-json\/wp\/v2\/pages\/2824\/revisions\/2827"}],"up":[{"embeddable":true,"href":"https:\/\/www.durch-die-welt.de\/index.php\/wp-json\/wp\/v2\/pages\/1929"}],"wp:attachment":[{"href":"https:\/\/www.durch-die-welt.de\/index.php\/wp-json\/wp\/v2\/media?parent=2824"}],"curies":[{"name":"wp","href":"https:\/\/api.w.org\/{rel}","templated":true}]}}