{"id":2436,"date":"2012-05-20T16:17:53","date_gmt":"2012-05-20T18:17:53","guid":{"rendered":"http:\/\/www.durch-die-welt.de\/?page_id=2436"},"modified":"2018-06-09T15:26:40","modified_gmt":"2018-06-09T13:26:40","slug":"peru-reiseinfos","status":"publish","type":"page","link":"https:\/\/www.durch-die-welt.de\/index.php\/reisetipps-landesinfos\/peru-reiseinfos\/","title":{"rendered":"Peru Infos"},"content":{"rendered":"<p>Der Grenz\u00fcbergang Kasani bei Copacabana geh\u00f6rt zu den beiden bislang freundlichsten und unkompliziertesten Grenzen die wir in S\u00fcdamerika bislang \u00fcberquert haben. Aber Achtung, es gibt eine Mittagspause ab 12 Uhr (Zeitverschiebung beachten)<\/p>\n<p>Benzin mit 84 Oktan gibt es an allen Tankstellen 90 Oktan an den neueren. Unsere Suzukis laufen problemlos mit 84 Oktan. In der gro\u00dfen H\u00f6he fehlt eh der Sauerstoff f\u00fcr ne ordentliche Verbrennung. Die Tankstellev verkaufen den Sprit in Peru \u00fcbrigens Gallonenweise f\u00fcr 14Sol\/Gallone. Meine DR 650 verbraucht hier zwischen einer und 1,3 Gallonen auf 100km bei \u00e4hnlichen Verh\u00e4ltnissen, daher vermute ich da\u00df einige Tankstellen nicht geeicht sind!<br \/>\nDie Preise an den Preistafeln sind entweder nicht vorhanden oder stimmen nicht! AN den Zapfs\u00e4ulen nachsehen.<\/p>\n<p><strong>Puno<\/strong><br \/>\n<em>Hotel Arequipa<\/em> (S15 50.227 W70 01.653) Mit WIFi und Parkplatz im Hinterhof. 40 Soles DZ mit WC und Dusche<\/p>\n<p><strong>Arequipa<\/strong><br \/>\n<em>Posada del Virrey<\/em> (S16 23.669 W71 32.014) in der Puente Grau 103. DZ Dusche \/WC 45 Sol. Dachterasse, Internet (Das offene Netz vom Nachbarn is doppelt so schnell!)<br \/>\n<em>Nette Kneipe<\/em> is in der Bolivar 433, die Puente Grau runter und ca die dritte links<\/p>\n<div>Aussichtspunkt kurz vor Mirador del Cruz im <strong>Colca Canyon<\/strong>: S15 36.419 W71 53.642<\/div>\n<div>(Camping m\u00f6glich)<\/div>\n<div><\/div>\n<div>Billige Hospedaje in Espinar (heisst auf manchen Karten Yauri)S14 48.053 W71 24.346<\/div>\n<div><\/div>\n<div><strong>Cusco <\/strong>Campingplatz oberhalb mit Wiese S13 30.336 W71 59.110<br \/>\nHostal Estrellita wurde uns auch empfohlen: S13 31.122 W71 58.438<\/div>\n<div><\/div>\n<div><strong>Santa Teresa<\/strong><br \/>\nCola de Mono Camping S13 08.469 W72 36.567<\/div>\n<div><\/div>\n<div><strong>Ollantaytambo<\/strong> im heiligen Tal, g\u00fcnstige Hospedaje: S13 15.618 W72 15.756<\/div>\n<div>Urubamba Camping Los Cedros, Wiese vor Wohnhaus, nur f\u00fcr Zelte. S13 17.904 W72 07.005<\/div>\n<div><\/div>\n<div>Die Thermas de Cconco sind ned besonders warm, daneben k\u00f6nnte aber kostenlos auf dem Parkplatz campiert werden &#8211; uns waren zu viele Sandfliegen da!<\/div>\n<div><\/div>\n<div>Bei Andahuaylas k\u00f6nnen wir nix empfehlen, und das besonders ned S13 39.330 W73 25.776 zwar billig, aber kein Parkplatz und Fl\u00f6he<\/div>\n<div><\/div>\n<div>In der Schlucht vor Huyncayo gibt es wenig Stellplatz M\u00f6glichkeiten: hier w\u00e4re ein Platz gewesen S12 28.142 W74 48.302 und hier waren wir: S12 31.273 W74 41.544 (nur mit Enduroerfahrung!)<\/div>\n<div><\/div>\n<div><span style=\"text-decoration: underline;\">offizieller Campingplatz<\/span> am Flu\u00df, bei <strong>La Merced<\/strong>, hat auch Zimmer und Feuerstelle S10 57.945 W75 17.645<\/div>\n<div><\/div>\n<div><strong>Pozuzo<\/strong>: gutes, ned ganz g\u00fcnstiges Guesthouse ohne Internet mit gutem Fr\u00fchst\u00fcck S10 04.009 W75 33.015<\/div>\n<div><\/div>\n<div>Tal hinter Huanuco ist super sch\u00f6n, allerdings gibt es keine \u00dcbernachtungsm\u00f6glichkeiten mehr. Not-Fussball Platz auch f\u00fcr Camper geeignet ausserhalb eines Dorfes S9 54.093 W76 24.139<\/div>\n<div><\/div>\n<div><strong>Huaraz<\/strong>: Hostal mit schmaler T\u00fcr. Wifi Empfang ned in allen Zimern S9 31.793 W77 31.523<\/div>\n<div><\/div>\n<div><strong>Cordillera Blanca<\/strong><\/div>\n<div>guter &#8222;wilder Campinggplatz&#8220; vor Huari S9 27.741 W77 09.001 und vor dem Paso Olympico kurz vor NP hinter Mauer auf Wiese S9 10.257 W77 26.736<\/div>\n<div><\/div>\n<div>wilder Spot bei Mollepata am Fluss &#8211; kleine Dornen, Feuerholz an kleinem Weg S8 12.538 W77 57.492<\/div>\n<div><\/div>\n<div><strong>Huamachuco<\/strong> &#8211; nettes Hostal mit alten siffigen und neugebauten sch\u00f6nen Zimmern incl WiFi S7 49.091 W78 02.629<\/div>\n<div><\/div>\n<div>h\u00fcbsches wildes Camping Pl\u00e4tzchen (im Vorbeifahren gesehn) S7 16.257 W78 14.773<\/div>\n<div><\/div>\n<div>zwischen Cajamarca und Leymabamba gibt es keinerlei freien Camping oder Hostal M\u00f6glichkeiten<\/div>\n<div><\/div>\n<div>Hostal La Petase in <strong>Leymebamba<\/strong>, ned g\u00fcnstig aber sauber S6 42.484 W77 48.211<\/div>\n<div><\/div>\n<div><strong>Pachapoyas<\/strong> lohnt den Besuch ned, teuer, touristisch, keine g\u00fcnstigen Hostals<\/div>\n<div><\/div>\n<div><strong>Pedro Ruiz<\/strong><\/div>\n<div>g\u00fcnstiges Hospedaje gegen\u00fcber der Tankstelle S5 56.599 W77 58.682<\/div>\n<div><\/div>\n<div><\/div>\n<div><strong>Las Lomas<\/strong> kurz vor Macara<\/div>\n<div>kalte Dusche, Garage, Sauber S4 39.353 W80 14.631<\/div>\n<div><\/div>\n<div>weitere Infos direkt bei den jeweiligen Peru <a title=\"Reiseberichte Peru\" href=\"https:\/\/www.durch-die-welt.de\/index.php\/category\/reiseberichte\/peru\/\">Reiseberichten<\/a> im Anhang<\/div>\n<p>S14 48.053 W71 24.346<\/p>\n","protected":false},"excerpt":{"rendered":"<p>Der Grenz\u00fcbergang Kasani bei Copacabana geh\u00f6rt zu den beiden bislang freundlichsten und unkompliziertesten Grenzen die wir in S\u00fcdamerika bislang \u00fcberquert haben. Aber Achtung, es gibt eine Mittagspause ab 12 Uhr (Zeitverschiebung beachten) Benzin mit 84 Oktan gibt es an allen Tankstellen 90 Oktan an den neueren. Unsere Suzukis laufen problemlos mit 84 Oktan. In der <a href='https:\/\/www.durch-die-welt.de\/index.php\/reisetipps-landesinfos\/peru-reiseinfos\/' class='excerpt-more'>[&#8230;]<\/a><\/p>\n","protected":false},"author":2,"featured_media":0,"parent":1929,"menu_order":6,"comment_status":"open","ping_status":"closed","template":"","meta":{"footnotes":""},"class_list":["post-2436","page","type-page","status-publish","hentry","post-seq-1","post-parity-odd","meta-position-corners","fix"],"_links":{"self":[{"href":"https:\/\/www.durch-die-welt.de\/index.php\/wp-json\/wp\/v2\/pages\/2436","targetHints":{"allow":["GET"]}}],"collection":[{"href":"https:\/\/www.durch-die-welt.de\/index.php\/wp-json\/wp\/v2\/pages"}],"about":[{"href":"https:\/\/www.durch-die-welt.de\/index.php\/wp-json\/wp\/v2\/types\/page"}],"author":[{"embeddable":true,"href":"https:\/\/www.durch-die-welt.de\/index.php\/wp-json\/wp\/v2\/users\/2"}],"replies":[{"embeddable":true,"href":"https:\/\/www.durch-die-welt.de\/index.php\/wp-json\/wp\/v2\/comments?post=2436"}],"version-history":[{"count":8,"href":"https:\/\/www.durch-die-welt.de\/index.php\/wp-json\/wp\/v2\/pages\/2436\/revisions"}],"predecessor-version":[{"id":3709,"href":"https:\/\/www.durch-die-welt.de\/index.php\/wp-json\/wp\/v2\/pages\/2436\/revisions\/3709"}],"up":[{"embeddable":true,"href":"https:\/\/www.durch-die-welt.de\/index.php\/wp-json\/wp\/v2\/pages\/1929"}],"wp:attachment":[{"href":"https:\/\/www.durch-die-welt.de\/index.php\/wp-json\/wp\/v2\/media?parent=2436"}],"curies":[{"name":"wp","href":"https:\/\/api.w.org\/{rel}","templated":true}]}}