{"id":2300,"date":"2012-04-15T14:59:44","date_gmt":"2012-04-15T16:59:44","guid":{"rendered":"http:\/\/www.durch-die-welt.de\/?page_id=2300"},"modified":"2024-01-16T14:34:11","modified_gmt":"2024-01-16T13:34:11","slug":"bolivien-tips","status":"publish","type":"page","link":"https:\/\/www.durch-die-welt.de\/index.php\/reisetipps-landesinfos\/bolivien-tips\/","title":{"rendered":"Bolivien Tips"},"content":{"rendered":"<p><strong><span style=\"text-decoration: underline;\">Einreise<\/span><\/strong><br \/>\nBei der Einreise nach Bolivien m\u00fcssen die Formulare f\u00fcr das Motorrad bei einem externen B\u00fcro erstellt und in das Zollsystem eingetragen werden. Der Z\u00f6llner kontrolliert dann nurnoch ob alles korrekt ist.<br \/>\nAusserdem haben wir eine Kopie des Reisepasses, des Fahrzeugscheins und der Versicherung ben\u00f6tigt (k\u00f6nnen auch bei dem externen B\u00fcro gemacht werden).<\/p>\n<p><strong>Strassenmaut<\/strong><br \/>\nAn den allermeisten Mauth\u00e4uschen sind wir mit den Motorr\u00e4dern langsam an der Schlange vorbei und ohne zu zahlen durchgefahren, da auf den vereinzelten Preistafeln keine Tarife f\u00fcr Motorr\u00e4der aufgef\u00fchrt sind.<br \/>\nAuch die Stadtautobahn nach La Paz ins Zentrum ist f\u00fcr Motorradfahrer Mautfrei!<\/p>\n<p><strong>Benzin<\/strong><br \/>\nSeit Anfang 2012 m\u00fcssen Ausl\u00e4nder den dreifache Preis an Tankstellen zahlen. Manche kleineren nicht staatlichen Tankstellen wissen allerdings nicht wie sei das Abrechnen sollen und verkaufen dann entweder zum normalen Preis oder garnicht.\u00a0 \u00c4hnlich wie in Argentinien ist es nicht un\u00fcblich dass ganze Kleinst\u00e4dte Tagelang ohne Benzin sind.<br \/>\nTheoretisch muss man als Tourist beim Tanken seinen Namen, seine F\u00fchrerscheinnummer und sein Nummernschild angeben. Ist uns allerdings nur in Cochabamba passiert.<\/p>\n<p>Gasolina Especial ist angeblich verbleit und hat 85 Oktan<\/p>\n<p><span style=\"text-decoration: underline;\"><strong>Essen<\/strong><\/span><br \/>\nG\u00fcnstige Gerichte gibt es in den gr\u00f6\u00dferen St\u00e4dten h\u00e4ufig auf den zentralen M\u00e4rkten.<br \/>\nIn Pensionen gibt es auch g\u00fcnstige Mittags-Men\u00fcs (Almuerzo), ob es auch Zimmer gibt haben wir noch nicht gefragt<\/p>\n<p><span style=\"text-decoration: underline;\"><strong>Unterk\u00fcnfte<\/strong><\/span><br \/>\nIn Bolivien gibt es verschiedene Kategorien von Unterk\u00fcnften.<br \/>\nAlojamentos sind die unterste und g\u00fcnstigste Kategorie 25-35 BOB (meist nur Gemeinschaftsb\u00e4der)<br \/>\nGuesthouse: zwischen Alojamento und Hostal ca 40 BOB<br \/>\nHostals kommen kurz vor Hotels und sind zum Teil einiges besser als Hostels in Argentinien und Chile, haben teilweise verschieden viele Sterne, teilweise aber auch Gemeinschaftsunterk\u00fcnfte<\/p>\n<p><em>Campingpl\u00e4tze<\/em> haben wir in Bolivien bislang noch keine gesehen, im Hochland und um den Salar de Uyuni haben wir jedoch problemlos Pl\u00e4tze zum wild Campen gefunden<br \/>\nIn La Higuera, an der Ruta del Che, soll ein toller Campingplatz sein<\/p>\n<p><strong>Oruro<\/strong><br \/>\ng\u00fcnstige Unterkunft nah am Markt mit Motorrad Parkm\u00f6glichkeit im Hof: Alojamento Copacabana (DZ 70Bol) S17 58.417 W67 06.626<\/p>\n<p><strong>Patacamaya<\/strong><br \/>\nTankstellen lassen sich von 9 auf 5 Bol runterhandel normalpreis w\u00e4ren 3,7<br \/>\nHostal \/ Alojamiento Potosi (DZ 50Bol) S17 14.723 W67 54.250<\/p>\n<p><strong>Uyuni<\/strong><br \/>\nTankstelle die uns g\u00fcnstigen Sprit verkauft hat: S20 27.288 W66 49.824<br \/>\ng\u00fcnstiges Hostel mit Parkplatz auch f\u00fcr Autos: El Viajero S20 27.641 W66 49.533<\/p>\n<p><strong>Potos\u00ed<\/strong><br \/>\nHostal La Casona S19 35.415 W65 45.169 DZ 90BOB, Moppedparkplatz im Patio, hauseigene Minentour 70BOB um 10(ESP)-30(ENGL) BOB teuer als \u00fcber Agentur um die Ecke, W\u00e4scheservice nicht empfehlenswert, nicht besonders sauber, WiFi nur in Rezeption<\/p>\n<p><strong>Sucre<\/strong><br \/>\nHostal\/<em>G\u00e4stehaus Colon 222<\/em>, 40 Bob\/Pax Zentrumsnah, Moppedparkplatz im Innenhof, sehr langsames WiFi (Nachts und Sonntags garkein Internet!), deutschsprachiger Eigent\u00fcmer, Dusche nicht besonders heiss, Nachtw\u00e4chter \u00fcberh\u00f6rt nachts die T\u00fcrklingel, kleine &#8222;K\u00fcche&#8220;. S19 02.938 W65 15.797<br \/>\nDas <em>Pachamama Hostal<\/em> in der Aniceto Acre 450 ist ebenfalls zentrumsnah, hat Parkm\u00f6glichkeiten und wurde uns empfohlen. (DZ mit Bad 90Bol) WiFi und K\u00fcche ca S19 02.575 W65 15.372<\/p>\n<p><em>Motorrad-Werkstatt:<\/em> An der Ecke Hauptstr\/Stadium in der Calle Calvo Arana 17 ist ein erfahrener Motorradschrauber, der uns schnell eine neue Kette besorgt hat und ein &#8222;G\u00e4stebuch&#8220; mit zahlreichen positiven Eintr\u00e4gen von Reisenden hat. S19 02.111 W65 15.438<\/p>\n<p><strong>Samaipata<\/strong><br \/>\n<em>Hostal Killa Tikka<\/em> DZ 50)Bol\u00a0 mit Kneipe und Zeltm\u00f6glichkeit (15Bol) im Hof. S18 10.749 W63 52.665 Tankstelle zum Normalpreis ein Ort weiter in Mairana S18 07.397 W63 57.431<br \/>\nGeldautomat is der n\u00e4chste der ausl\u00e4ndische Karten akzeptiert in Santa Cruz oder in Cochabamba<\/p>\n<p>Camping Spot sichtgesch\u00fctzt neben der Strasse<br \/>\nS17 49.517 W64 40.379<\/p>\n<p><strong>Quillacollo<\/strong> bei Cochabamba<br \/>\nAlojamiento (DZ 70Bol)\u00a0S17 23.543 W66 16.126<br \/>\nTankstelle zum Normalpreis direkt vor der T\u00fcr<\/p>\n<p><strong>La Paz<\/strong><br \/>\n<em>Hostal El Carretero<\/em>(DZ 60Bol) S16 29.564 W68 07.954<br \/>\ng\u00fcnstige Tankstelle in La Paz auf dem Weg nach Coroico S16 28.075 W68 06.836<br \/>\ng\u00fcnstige Tankstelle auf dem Weg nach Copacabana S16 27.955 W68 18.271<br \/>\nIm Gro\u00dfraum La Paz war ansonsten das g\u00fcnstigste Spritangebot bei 5 Bol<\/p>\n<p>Motorrad Ersatzteile und Spezialschrauben (Perno-Centro) gibt es in La Paz rund um den Plaza Sucre auch genannt San Pedro<\/p>\n<p>Sensationell gut gegessen haben wir im Hotel Oberland und zwar k\u00f6nnen wir das Chateau Briande empfehlen. (Viel zartes Fleisch, etwas wenig Beilagen, riesen Portion)<\/p>\n<p><strong>Coroico<\/strong><br \/>\n<em>Hostal Tunqui Eye<\/em> Bano Privado mit kalter Dusche, Wifi kaputt, Unterstellm\u00f6glichkeit f\u00fcr Moppeds auch f\u00fcr l\u00e4ngere Zeit (5 Bol\/Tag), Zentral und Ruhig gelegen S16 11.304 W67 43.566 (40Bol pro Pers)<\/p>\n<p><strong>Todesstra\u00dfe \/ Yungas Road<\/strong><br \/>\nBeginn Oben: S16 17.350 W67 49.634<br \/>\nEnde Unten: S16 13.180 W67 44.368<\/p>\n<p><strong>Rurrenabaque<\/strong><br \/>\nVeranstalter f\u00fcr Rafting bzw Bootstour ab <em>Coroico<\/em> (zuerst 8 Stunden Busfahrt) deeprainforest.com nur sehr bedingt zu empfehlen. Norbert und Ute waren von der 3 Tages Bootstour begeistert, unsere <a title=\"Dschungelrafting\" href=\"https:\/\/www.durch-die-welt.de\/index.php\/dschungel-und-andere-katastrophen\/\">5 Tages Rafting Tour<\/a> ist komplett schief gelaufen<\/p>\n<p><em>Hostal Los Tucanes<\/em>. DZ geteiltes Bad 40Bol inkl. mikrigem Fr\u00fchst\u00fcck, Parkplatz und Wifi. vmtl S14 26.445 W67 31.643<\/p>\n<p><strong>Copacabana<\/strong><br \/>\nPolizeikontrolle am \u00f6stlichen Ortseingang will Zollpapiere sehn, gibt sich aber mit der Aussage zufreiden da\u00df wir diese noch nirgends zeigen mussten und die ausserdem nur f\u00fcr den Zoll an der Grenze sind.<br \/>\n<em>Hostal Elenita<\/em> direkt am n\u00f6rdlichen Ende der Uferprominade 25 Bol\/Pers mit geteiltem Bad ohne Fr\u00fchst\u00fcck ohne Internet. Motorr\u00e4der parken in der Einfahrt, Tor ist allerdings nur Nachts verschlossen und Tags\u00fcber unbewacht. S16 09.878 W69 05.428<\/p>\n<p>&nbsp;<\/p>\n","protected":false},"excerpt":{"rendered":"<p>Einreise Bei der Einreise nach Bolivien m\u00fcssen die Formulare f\u00fcr das Motorrad bei einem externen B\u00fcro erstellt und in das Zollsystem eingetragen werden. Der Z\u00f6llner kontrolliert dann nurnoch ob alles korrekt ist. Ausserdem haben wir eine Kopie des Reisepasses, des Fahrzeugscheins und der Versicherung ben\u00f6tigt (k\u00f6nnen auch bei dem externen B\u00fcro gemacht werden). Strassenmaut An <a href='https:\/\/www.durch-die-welt.de\/index.php\/reisetipps-landesinfos\/bolivien-tips\/' class='excerpt-more'>[&#8230;]<\/a><\/p>\n","protected":false},"author":2,"featured_media":0,"parent":1929,"menu_order":2,"comment_status":"open","ping_status":"closed","template":"","meta":{"footnotes":""},"class_list":["post-2300","page","type-page","status-publish","hentry","post-seq-1","post-parity-odd","meta-position-corners","fix"],"_links":{"self":[{"href":"https:\/\/www.durch-die-welt.de\/index.php\/wp-json\/wp\/v2\/pages\/2300","targetHints":{"allow":["GET"]}}],"collection":[{"href":"https:\/\/www.durch-die-welt.de\/index.php\/wp-json\/wp\/v2\/pages"}],"about":[{"href":"https:\/\/www.durch-die-welt.de\/index.php\/wp-json\/wp\/v2\/types\/page"}],"author":[{"embeddable":true,"href":"https:\/\/www.durch-die-welt.de\/index.php\/wp-json\/wp\/v2\/users\/2"}],"replies":[{"embeddable":true,"href":"https:\/\/www.durch-die-welt.de\/index.php\/wp-json\/wp\/v2\/comments?post=2300"}],"version-history":[{"count":17,"href":"https:\/\/www.durch-die-welt.de\/index.php\/wp-json\/wp\/v2\/pages\/2300\/revisions"}],"predecessor-version":[{"id":5548,"href":"https:\/\/www.durch-die-welt.de\/index.php\/wp-json\/wp\/v2\/pages\/2300\/revisions\/5548"}],"up":[{"embeddable":true,"href":"https:\/\/www.durch-die-welt.de\/index.php\/wp-json\/wp\/v2\/pages\/1929"}],"wp:attachment":[{"href":"https:\/\/www.durch-die-welt.de\/index.php\/wp-json\/wp\/v2\/media?parent=2300"}],"curies":[{"name":"wp","href":"https:\/\/api.w.org\/{rel}","templated":true}]}}