{"id":2121,"date":"2012-03-14T03:56:08","date_gmt":"2012-03-14T05:56:08","guid":{"rendered":"http:\/\/www.durch-die-welt.de\/?page_id=2121"},"modified":"2012-04-15T15:10:23","modified_gmt":"2012-04-15T17:10:23","slug":"uruguay","status":"publish","type":"page","link":"https:\/\/www.durch-die-welt.de\/index.php\/reisetipps-landesinfos\/uruguay\/","title":{"rendered":"Uruguay"},"content":{"rendered":"<p>Muss man nicht gesehen haben, als Einstiegsland f\u00fcr S\u00fcdamerika ned schlecht. Unspektakul\u00e4r, flach, gr\u00fcn, bissl h\u00fcgelig, h\u00f6fliche Bev\u00f6lkerung.<\/p>\n<p>Sehr schwierig wild zu Zelten. Alles umz\u00e4unt, Strassengr\u00e4ben auch \u00f6fter mal unter Wasser.<\/p>\n<p>An der K\u00fcste etliche Zeltpl\u00e4tze die zT auch vor der Saison schon ge\u00f6ffnet haben.<\/p>\n<p>Benzin und Lebensmittel relativ teuer.<\/p>\n","protected":false},"excerpt":{"rendered":"<p>Muss man nicht gesehen haben, als Einstiegsland f\u00fcr S\u00fcdamerika ned schlecht. Unspektakul\u00e4r, flach, gr\u00fcn, bissl h\u00fcgelig, h\u00f6fliche Bev\u00f6lkerung. Sehr schwierig wild zu Zelten. Alles umz\u00e4unt, Strassengr\u00e4ben auch \u00f6fter mal unter Wasser. An der K\u00fcste etliche Zeltpl\u00e4tze die zT auch vor der Saison schon ge\u00f6ffnet haben. Benzin und Lebensmittel relativ teuer.<\/p>\n","protected":false},"author":2,"featured_media":0,"parent":1929,"menu_order":8,"comment_status":"open","ping_status":"closed","template":"","meta":{"footnotes":""},"class_list":["post-2121","page","type-page","status-publish","hentry","post-seq-1","post-parity-odd","meta-position-corners","fix"],"_links":{"self":[{"href":"https:\/\/www.durch-die-welt.de\/index.php\/wp-json\/wp\/v2\/pages\/2121","targetHints":{"allow":["GET"]}}],"collection":[{"href":"https:\/\/www.durch-die-welt.de\/index.php\/wp-json\/wp\/v2\/pages"}],"about":[{"href":"https:\/\/www.durch-die-welt.de\/index.php\/wp-json\/wp\/v2\/types\/page"}],"author":[{"embeddable":true,"href":"https:\/\/www.durch-die-welt.de\/index.php\/wp-json\/wp\/v2\/users\/2"}],"replies":[{"embeddable":true,"href":"https:\/\/www.durch-die-welt.de\/index.php\/wp-json\/wp\/v2\/comments?post=2121"}],"version-history":[{"count":3,"href":"https:\/\/www.durch-die-welt.de\/index.php\/wp-json\/wp\/v2\/pages\/2121\/revisions"}],"predecessor-version":[{"id":2308,"href":"https:\/\/www.durch-die-welt.de\/index.php\/wp-json\/wp\/v2\/pages\/2121\/revisions\/2308"}],"up":[{"embeddable":true,"href":"https:\/\/www.durch-die-welt.de\/index.php\/wp-json\/wp\/v2\/pages\/1929"}],"wp:attachment":[{"href":"https:\/\/www.durch-die-welt.de\/index.php\/wp-json\/wp\/v2\/media?parent=2121"}],"curies":[{"name":"wp","href":"https:\/\/api.w.org\/{rel}","templated":true}]}}