{"id":2114,"date":"2012-03-13T23:25:33","date_gmt":"2012-03-14T01:25:33","guid":{"rendered":"http:\/\/www.durch-die-welt.de\/?page_id=2114"},"modified":"2024-01-16T13:26:29","modified_gmt":"2024-01-16T12:26:29","slug":"brasilien-tips","status":"publish","type":"page","link":"https:\/\/www.durch-die-welt.de\/index.php\/reisetipps-landesinfos\/brasilien-tips\/","title":{"rendered":"Brasilien Tips"},"content":{"rendered":"<p>Da wir auf unserer Motorradreise durch S\u00fcdamerika nur den S\u00fcden Brasiliens bereist haben nur ein paar Tipps zu <strong>Rio Grande do Sul<\/strong>, wo die Bewohner vom Rest Brasiliens als &#8222;Gauchos&#8220; bezeichnet werden. Zu <strong>Santa Catarina<\/strong>, das die Bewohner von Rio Grande do Sul als &#8222;besten Staat Brasiliens&#8220; bezeichnen, da er Ihre Provinz vom Rest des Landes abtrennt und zu <strong>Parana<\/strong>.<br \/>\nDer gr\u00f6\u00dfte Teil ist relativ langweiliges Agrarland und freie Schlafpl\u00e4tze zum wild Zelten dementsprechend sehr schwierig bis unm\u00f6glich zu finden. Auch Campingpl\u00e4tze haben wir kaum gefunden. Sch\u00f6ne Abwechslung bietet das Gebirge, das im S\u00fcden kurz hinter Nuevo Hamburgo beginnt.<\/p>\n<p>Die Sierra do Rio do Rastro und das Gebirge s\u00fcdlich davon haben wir selber befahren, hat uns sehr gut gefallen, alles einfacher, manchmal holpriger Schotter, nach Regen rutschig.<br \/>\nDetails unter dem Artikel <a href=\"https:\/\/www.durch-die-welt.de\/index.php\/pampa\/\">durch die Sierra<\/a><\/p>\n<p>Beim Grenz\u00fcbertritt aus Uruguay in Jaguarao darauf achten, dass ihr bei der Einreise auch die Einfuhrpapiere f\u00fcr sein Motorrad bekommt (ausser ihr wollt gar keine!) An der Grenzbr\u00fccke erfolgt keine richtige Kontrolle. Zoll und Polizei sind jeweils am anderen Ortsende.<\/p>\n<p>Empfehlenswert ist der Besuch eines Motorradtreffens. Fast jedes Wochenende findet irgendwo ein Encontro statt. (bei Google Brasil suchen)<\/p>\n<p>In Florianopolis lebt Cicero, der seine Garage zu einem G\u00e4stezimmer <a href=\"http:\/\/www.ciceropaes.com.br\/a_toca_en.html\">&#8211; A Toca &#8211;<\/a> f\u00fcr Motorradreisende umgebaut hat. Einfach kurz, auch auf Englisch, anmailen und was ausmachen<\/p>\n<p>Die Wasserf\u00e4lle von Iguazu sind auf der brasilianischen Seite schneller zu besichtigen, wer also nur wenig Zeit hat kommt hier in 2-3 Stunden gut durch.<br \/>\nGegen\u00fcber des Parkeingangs, noch an der Hauptstra\u00dfe sind g\u00fcnstigere Parkpl\u00e4tze und auch der Parque de Aves, mit gro\u00dfen Vogelvolieren und zutraulichen Tucanen, eingebettet im Urwald.<\/p>\n<p><span style=\"text-decoration: underline;\">Landkarten:<\/span><br \/>\nLandkarte haben wir von Reise Know How benutzt, die bis auf einen kleinen Fehler (da war keine Br\u00fccke \u00fcber den Fluss und auch keine F\u00e4hre) sehr gut war.<\/p>\n<p>GPS Karte<a title=\"gps Karte Brasilien\" href=\"http:\/\/www.tracksource.org.br\/\" target=\"_blank\" rel=\"noopener\"> TRC Brasil<\/a> war auch recht gut.<\/p>\n","protected":false},"excerpt":{"rendered":"<p>Da wir auf unserer Motorradreise durch S\u00fcdamerika nur den S\u00fcden Brasiliens bereist haben nur ein paar Tipps zu Rio Grande do Sul, wo die Bewohner vom Rest Brasiliens als &#8222;Gauchos&#8220; bezeichnet werden. Zu Santa Catarina, das die Bewohner von Rio Grande do Sul als &#8222;besten Staat Brasiliens&#8220; bezeichnen, da er Ihre Provinz vom Rest des <a href='https:\/\/www.durch-die-welt.de\/index.php\/reisetipps-landesinfos\/brasilien-tips\/' class='excerpt-more'>[&#8230;]<\/a><\/p>\n","protected":false},"author":2,"featured_media":0,"parent":1929,"menu_order":3,"comment_status":"open","ping_status":"closed","template":"","meta":{"footnotes":""},"class_list":["post-2114","page","type-page","status-publish","hentry","post-seq-1","post-parity-odd","meta-position-corners","fix"],"_links":{"self":[{"href":"https:\/\/www.durch-die-welt.de\/index.php\/wp-json\/wp\/v2\/pages\/2114","targetHints":{"allow":["GET"]}}],"collection":[{"href":"https:\/\/www.durch-die-welt.de\/index.php\/wp-json\/wp\/v2\/pages"}],"about":[{"href":"https:\/\/www.durch-die-welt.de\/index.php\/wp-json\/wp\/v2\/types\/page"}],"author":[{"embeddable":true,"href":"https:\/\/www.durch-die-welt.de\/index.php\/wp-json\/wp\/v2\/users\/2"}],"replies":[{"embeddable":true,"href":"https:\/\/www.durch-die-welt.de\/index.php\/wp-json\/wp\/v2\/comments?post=2114"}],"version-history":[{"count":10,"href":"https:\/\/www.durch-die-welt.de\/index.php\/wp-json\/wp\/v2\/pages\/2114\/revisions"}],"predecessor-version":[{"id":5535,"href":"https:\/\/www.durch-die-welt.de\/index.php\/wp-json\/wp\/v2\/pages\/2114\/revisions\/5535"}],"up":[{"embeddable":true,"href":"https:\/\/www.durch-die-welt.de\/index.php\/wp-json\/wp\/v2\/pages\/1929"}],"wp:attachment":[{"href":"https:\/\/www.durch-die-welt.de\/index.php\/wp-json\/wp\/v2\/media?parent=2114"}],"curies":[{"name":"wp","href":"https:\/\/api.w.org\/{rel}","templated":true}]}}