{"id":1929,"date":"2012-01-02T02:23:03","date_gmt":"2012-01-02T04:23:03","guid":{"rendered":"http:\/\/www.durch-die-welt.de\/?page_id=1929"},"modified":"2018-03-22T18:54:46","modified_gmt":"2018-03-22T17:54:46","slug":"reisetipps-landesinfos","status":"publish","type":"page","link":"https:\/\/www.durch-die-welt.de\/index.php\/reisetipps-landesinfos\/","title":{"rendered":"Landesinfos"},"content":{"rendered":"<p>Die \u00dcbersicht \u00fcber die einzelnen L\u00e4nder steht oben im Men\u00fc.<\/p>\n<p>Bei den digitalen GPS Karten hat sich einiges getan, seit wir unterwegs waren.<br \/>\nMittlerweile gibt es weltweit sehr gute Freeware Karten von openstreetMaps<\/p>\n<p>http:\/\/garmin.openstreetmap.nl\/<br \/>\nhttp:\/\/garmin.opentopomap.org\/<br \/>\nwww.openandromaps.org<\/p>\n<p class=\"announcement\">Garmin kompatible<strong> digitale GPS Karten<\/strong> f\u00fcr S\u00fcdamerika:<\/p>\n<p><a href=\"http:\/\/www.proyectomapear.com.ar\/modules.php?name=Downloads&amp;d_op=viewdownload&amp;cid=9\">Mapear<\/a>\u00a0\u00a0\u00a0 \u00a0 \u00a0 Argentinien, Chile, Paraguay und Uruguay<br \/>\n<a href=\"http:\/\/www.gps.com.ar\/\">Conosur<\/a>\u00a0\u00a0\u00a0 \u00a0\u00a0 Argentinien, Chile, Paraguay, Uruguay Peru und Bolivien<br \/>\n<a href=\"http:\/\/www.tracksource.org.br\/\">TRC Brazil<\/a> \u00a0 Brasilien<br \/>\n<a href=\"http:\/\/www.gpsyv.net\/\">Venrut<\/a>\u00a0\u00a0\u00a0\u00a0\u00a0\u00a0\u00a0\u00a0 Venezuela<br \/>\n<a href=\"http:\/\/www.perut.org\/\">PERUT<\/a>\u00a0\u00a0\u00a0\u00a0\u00a0 \u00a0 \u00a0 Peru<br \/>\n<a href=\"http:\/\/www.colrut.com\/\">Colrut<\/a>\u00a0\u00a0\u00a0\u00a0\u00a0\u00a0\u00a0\u00a0\u00a0\u00a0 Kolumbien<\/p>\n<p><a href=\"http:\/\/www.noeman.org\/gsm\/garmin-maps\/198989-bolivia-bolmap-geogroup-routable-v-3-5-a.html\" target=\"_blank\" rel=\"noopener\">Bolmap<\/a><br \/>\n<a href=\"http:\/\/www.noeman.org\/gsm\/garmin-maps\/198989-bolivia-bolmap-geogroup-routable-v-3-5-a.html\">RutaBo<\/a>\u00a0\u00a0\u00a0\u00a0\u00a0\u00a0\u00a0 Bolivien<br \/>\n<a href=\"http:\/\/server4.foros.net\/login.php?redirect=viewforum.php&amp;f=2&amp;start=0&amp;mforum=proyectoecuador\">Ecuador<\/a> \u00a0 \u00a0\u00a0 Ecuador<\/p>\n<p>F\u00fcr Argentinien gef\u00e4llt uns die Mapear besser als die Mercosur, f\u00fcr Chile sind beide bei den POIs ned so besonders. Die Brasilien Karte war im S\u00fcden sehr gut. Die anderen Karten haben wir noch nicht getestet.<\/p>\n<p>Bei der Ecuador Karte ist die Anzeige im Mapsource nur in manchen Vergr\u00f6sserungen \/ Ma\u00dft\u00e4ben ordentlich.<\/p>\n<p>Wenn mehrere L\u00e4nder auf dem GPS aktiv sind, kann es in den Grenzgebieten zu \u00dcberlagerungen kommen, so dass weisse Flecken auf der Karte entstehen. Am bsten erst direkt beim Grenz\u00fcbertritt die jeweils n\u00e4chste Karte aktivieren.<\/p>\n<p class=\"announcement\">\u00a0Landkarten<\/p>\n<p>Echte Landkarten nutzen wir von Nelles und Reise Know How. Die Reis Know How Karten bew\u00e4hren sich f\u00fcr Motorradfahrer besser, da sie Reissfest und Wasserunempfindlich sind. Ich find sie auch \u00fcbersichtlicher. Auf den Nelles Karten ist daf\u00fcr das Gel\u00e4nde besser erkennbar.<\/p>\n<p>Update 2017: Nelles Karten sind jetzt auch Reissfest und Wasserfest!<\/p>\n<p>&nbsp;<\/p>\n","protected":false},"excerpt":{"rendered":"<p>Die \u00dcbersicht \u00fcber die einzelnen L\u00e4nder steht oben im Men\u00fc. Bei den digitalen GPS Karten hat sich einiges getan, seit wir unterwegs waren. Mittlerweile gibt es weltweit sehr gute Freeware Karten von openstreetMaps http:\/\/garmin.openstreetmap.nl\/ http:\/\/garmin.opentopomap.org\/ www.openandromaps.org Garmin kompatible digitale GPS Karten f\u00fcr S\u00fcdamerika: Mapear\u00a0\u00a0\u00a0 \u00a0 \u00a0 Argentinien, Chile, Paraguay und Uruguay Conosur\u00a0\u00a0\u00a0 \u00a0\u00a0 Argentinien, Chile, <a href='https:\/\/www.durch-die-welt.de\/index.php\/reisetipps-landesinfos\/' class='excerpt-more'>[&#8230;]<\/a><\/p>\n","protected":false},"author":2,"featured_media":0,"parent":0,"menu_order":0,"comment_status":"open","ping_status":"closed","template":"","meta":{"footnotes":""},"class_list":["post-1929","page","type-page","status-publish","hentry","post-seq-1","post-parity-odd","meta-position-corners","fix"],"_links":{"self":[{"href":"https:\/\/www.durch-die-welt.de\/index.php\/wp-json\/wp\/v2\/pages\/1929","targetHints":{"allow":["GET"]}}],"collection":[{"href":"https:\/\/www.durch-die-welt.de\/index.php\/wp-json\/wp\/v2\/pages"}],"about":[{"href":"https:\/\/www.durch-die-welt.de\/index.php\/wp-json\/wp\/v2\/types\/page"}],"author":[{"embeddable":true,"href":"https:\/\/www.durch-die-welt.de\/index.php\/wp-json\/wp\/v2\/users\/2"}],"replies":[{"embeddable":true,"href":"https:\/\/www.durch-die-welt.de\/index.php\/wp-json\/wp\/v2\/comments?post=1929"}],"version-history":[{"count":16,"href":"https:\/\/www.durch-die-welt.de\/index.php\/wp-json\/wp\/v2\/pages\/1929\/revisions"}],"predecessor-version":[{"id":3607,"href":"https:\/\/www.durch-die-welt.de\/index.php\/wp-json\/wp\/v2\/pages\/1929\/revisions\/3607"}],"wp:attachment":[{"href":"https:\/\/www.durch-die-welt.de\/index.php\/wp-json\/wp\/v2\/media?parent=1929"}],"curies":[{"name":"wp","href":"https:\/\/api.w.org\/{rel}","templated":true}]}}