{"id":148,"date":"2011-02-17T19:42:28","date_gmt":"2011-02-17T18:42:28","guid":{"rendered":"http:\/\/www.durch-die-welt.de\/?page_id=148"},"modified":"2024-01-16T13:25:21","modified_gmt":"2024-01-16T12:25:21","slug":"vorbereitung-und-ausruestung","status":"publish","type":"page","link":"https:\/\/www.durch-die-welt.de\/index.php\/vorbereitung-und-ausruestung\/","title":{"rendered":"Reise-Tips"},"content":{"rendered":"<p><strong>Packliste<\/strong> f\u00fcr Motorradreisende &#8211; <a title=\"Packliste\" href=\"https:\/\/www.durch-die-welt.de\/index.php\/vorbereitung-und-ausruestung\/packliste\">Was nehmen wir mit<\/a><\/p>\n<p><strong>Versicherungen:<\/strong><br \/>\n&#8211; Auslands Krankenversicherungen<br \/>\n&#8211; Haftpflichtversicherung f\u00fcr S\u00fcdamerika<\/p>\n<p><strong>Motorradtransport<\/strong> nach S\u00fcdamerika &#8211; <a title=\"Motorradtransport per Seefracht\" href=\"https:\/\/www.durch-die-welt.de\/index.php\/motorradtransport-kolumbien-deutschland\/\">Speditionen<\/a> f\u00fcr den Transfer nach Argentinien<br \/>\n&#8211; <a href=\"https:\/\/www.durch-die-welt.de\/index.php\/motorradtransportkisten-selbst-gebaut\/\">Transportkisten <\/a>f\u00fcr Seefracht selbst gebaut<\/p>\n<p><strong>Um- und Anbauten<\/strong> an unseren DR650 SE sp46B:<br \/>\n&#8211; <a href=\"https:\/\/www.durch-die-welt.de\/index.php\/motorschutz-fuer-dr-650\/\">Motorschutz<\/a><br \/>\n&#8211; <a href=\"https:\/\/www.durch-die-welt.de\/index.php\/koffertraeger-selbst-gebaut\/\">Gep\u00e4cktr\u00e4ger<\/a> \/ Koffertr\u00e4ger<br \/>\n&#8211; <a href=\"https:\/\/www.durch-die-welt.de\/index.php\/motorrad-werkzeugkiste-aus-abwasserrohr\/\">Werkzeugboxen<\/a> aus Abwasserrohr<br \/>\n&#8211; <a title=\"Anbau Acerbistank an DR650SE\" href=\"http:\/\/wp.me\/p1mjJR-fw\">Acerbis Tank<\/a><\/p>\n<p><strong>Landkarten<\/strong> Reisef\u00fchrer und <a title=\"digitale S\u00fcdamerika Karten\" href=\"http:\/\/wp.me\/P1mjJR-v7\">Navigation<\/a><\/p>\n","protected":false},"excerpt":{"rendered":"<p>Packliste f\u00fcr Motorradreisende &#8211; Was nehmen wir mit Versicherungen: &#8211; Auslands Krankenversicherungen &#8211; Haftpflichtversicherung f\u00fcr S\u00fcdamerika Motorradtransport nach S\u00fcdamerika &#8211; Speditionen f\u00fcr den Transfer nach Argentinien &#8211; Transportkisten f\u00fcr Seefracht selbst gebaut Um- und Anbauten an unseren DR650 SE sp46B: &#8211; Motorschutz &#8211; Gep\u00e4cktr\u00e4ger \/ Koffertr\u00e4ger &#8211; Werkzeugboxen aus Abwasserrohr &#8211; Acerbis Tank Landkarten Reisef\u00fchrer <a href='https:\/\/www.durch-die-welt.de\/index.php\/vorbereitung-und-ausruestung\/' class='excerpt-more'>[&#8230;]<\/a><\/p>\n","protected":false},"author":2,"featured_media":0,"parent":0,"menu_order":5,"comment_status":"closed","ping_status":"closed","template":"2r-sidebars.php","meta":{"footnotes":""},"class_list":["post-148","page","type-page","status-publish","hentry","post-seq-1","post-parity-odd","meta-position-corners","fix"],"_links":{"self":[{"href":"https:\/\/www.durch-die-welt.de\/index.php\/wp-json\/wp\/v2\/pages\/148","targetHints":{"allow":["GET"]}}],"collection":[{"href":"https:\/\/www.durch-die-welt.de\/index.php\/wp-json\/wp\/v2\/pages"}],"about":[{"href":"https:\/\/www.durch-die-welt.de\/index.php\/wp-json\/wp\/v2\/types\/page"}],"author":[{"embeddable":true,"href":"https:\/\/www.durch-die-welt.de\/index.php\/wp-json\/wp\/v2\/users\/2"}],"replies":[{"embeddable":true,"href":"https:\/\/www.durch-die-welt.de\/index.php\/wp-json\/wp\/v2\/comments?post=148"}],"version-history":[{"count":30,"href":"https:\/\/www.durch-die-welt.de\/index.php\/wp-json\/wp\/v2\/pages\/148\/revisions"}],"predecessor-version":[{"id":5534,"href":"https:\/\/www.durch-die-welt.de\/index.php\/wp-json\/wp\/v2\/pages\/148\/revisions\/5534"}],"wp:attachment":[{"href":"https:\/\/www.durch-die-welt.de\/index.php\/wp-json\/wp\/v2\/media?parent=148"}],"curies":[{"name":"wp","href":"https:\/\/api.w.org\/{rel}","templated":true}]}}